{"id":733,"date":"2017-11-15T12:57:39","date_gmt":"2017-11-15T11:57:39","guid":{"rendered":"http:\/\/www.ire.pw.edu.pl\/anteny\/?page_id=733"},"modified":"2021-12-14T12:42:37","modified_gmt":"2021-12-14T11:42:37","slug":"733-2","status":"publish","type":"page","link":"https:\/\/sub-thz.ire.pw.edu.pl\/?page_id=733","title":{"rendered":"Publications in 2018"},"content":{"rendered":"<h5>Journal Citation Reports \u2013 Thomson Reuters<\/h5>\n<ul>\n<li>Y. Yashchyshyn, K. Derzakowski, G. Bogdan, K. Godziszewski, D. Nyzovets, C. H. Kim, and B. Park, \u201c28 GHz Switched-Beam Antenna Based on S-PIN Diodes for 5G Mobile Communications,\u201d in <em>IEEE Antennas and Wireless Propagation Letters<\/em>, vol. 17, no. 2, pp. 225-228, Feb, 2018.<br \/>\n<a class=\"ng-binding ng-isolate-scope\" href=\"https:\/\/doi.org\/10.1109\/LAWP.2017.2781262\" target=\"_blank\" rel=\"noopener noreferrer\">10.1109\/LAWP.2017.2781262<\/a>, (<a href=\"https:\/\/sub-thz.ire.pw.edu.pl\/wp-content\/uploads\/2019\/05\/28-GHz-Switched-Beam-Antenna-Based-on-S-PIN-Diodes-for-5G-Mobile-Communications.pdf\">download preprint version<\/a>)<\/li>\n<li>Y. Yashchyshyn, K. Godziszewski, &#8220;A New Method for Dielectric Characterization in Sub-THz Frequency Range&#8221;, <em>IEEE Transactions on Terahertz Science and Technology<\/em>, vol. 8, no. 1, 2018.<br \/>\n<a href=\"https:\/\/doi.org\/10.1109\/TTHZ.2017.2771309\">10.1109\/TTHZ.2017.2771309<\/a><\/li>\n<li>C. Wu, Z. Yang, Y. Li, Y. Zhang, and Y. Yashchyshyn, &#8220;Methodology to Reduce the Number of Switches in Frequency Reconfigurable Antennas with Massive Switches,&#8221; in <em>IEEE Access<\/em>, vol. 6, pp. 12187-12196, 2018.<br \/>\n<a class=\"ng-binding ng-isolate-scope\" href=\"https:\/\/doi.org\/10.1109\/ACCESS.2018.2812139\" target=\"_blank\" rel=\"noopener noreferrer\">10.1109\/ACCESS.2018.2812139<\/a><\/li>\n<li>\n<div class=\"csl-right-inline\">P. Piasecki and Y. Yashchyshyn, &#8220;Study of D-band LTCC Leaky Wave Antenna Optimized for Broadside Radiation,&#8221; <i>Radioengineering<\/i>, vol. 27, no. 2, pp. 463-468, Jun. 2018.<br \/>\n<a href=\"https:\/\/dx.doi.org\/10.13164\/re.2018.0463\">https:\/\/dx.doi.org\/10.13164\/re.2018.0463<\/a><\/div>\n<\/li>\n<\/ul>\n<h5>National papers<\/h5>\n<ul>\n<li>K. Godziszewski and Y. Yashchyshyn, &#8220;Nowa metoda charakteryzacji dielektryk\u00f3w w pa\u015bmie cz\u0119stotliwo\u015bci subterahercowych,&#8221; <i>Przegl\u0105d Telekomunikacyjny i Wiadomo\u015bci Telekomunikacyjne<\/i>, no. 6, pp. 501-504, Jun. 2018.<\/li>\n<li>M. Brener and P. Bajurko, &#8220;Selektywna polaryzacyjnie i cz\u0119stotliwo\u015bciowo p\u0142ytka strefowa Fresnela,&#8221; <i>Przegl\u0105d Telekomunikacyjny i Wiadomo\u015bci Telekomunikacyjne<\/i>, no. 6, pp. 238-241, Jun. 2018.<\/li>\n<li>J. Gawlik and Y. Yashchyshyn, \u201cWp\u0142yw rozrzutu wymiar\u00f3w geometrycznych na parametry szyku antenowego wykonanego w technologii LTCC,\u201d <i>Przegl\u0105d Telekomunikacyjny i Wiadomo\u015bci Telekomunikacyjne<\/i>, no. 6, pp. 304\u2013307, Jun. 2018.<\/li>\n<\/ul>\n<h5>Conference papers<\/h5>\n<ul>\n<li>J. Sobolewski and P. R. Bajurko, &#8220;Design of LTCC patch antenna for increased bandwidth and reduced susceptibility to fabrication process inaccuracies,&#8221; <em>22nd International Microwave and Radar Conference (MIKON)<\/em>, Poznan, 2018, pp. 218-221, <a href=\"http:\/\/doi.org\/10.23919\/MIKON.2018.8405182\">10.23919\/MIKON.2018.8405182<\/a>.<\/li>\n<li>G. Bogdan, K. Godziszewski, and Y. Yashchyshyn, &#8220;Feasibility of standard instrumentation for radiation pattern measurement of time modulated antenna array,&#8221;\u00a0<em>22nd International Microwave and Radar Conference (MIKON)<\/em>, Poznan, 2018, pp. 420-423, <a class=\"ng-binding ng-isolate-scope\" href=\"https:\/\/doi.org\/10.23919\/MIKON.2018.8405243\" target=\"_blank\" rel=\"noopener noreferrer\">10.23919\/MIKON.2018.8405243<\/a>.<\/li>\n<li>K. Godziszewski and Y. Yashchyshyn, &#8220;Broadband characterization of dielectrics in sub-THz range,&#8221; <em>22nd International Microwave and Radar Conference (MIKON)<\/em>, Poznan, 2018, pp. 576-579, <a href=\"http:\/\/doi.org\/10.23919\/MIKON.2018.8405290\">10.23919\/MIKON.2018.8405290<\/a>.<\/li>\n<li>\n<div class=\"rowEntry\">Piasecki Przemys\u0142aw: Experience in Developing, Manufacturing and Measurements of LTCC Leaky-Wave Antennas Operated in Milimeter Waves Range, in: Proc. MIKON 2018, 2018, Fundacja Mikrofal i Radiolokacji MIKON, ISBN 978-83-949421-0-6, pp. 272-275<\/div>\n<\/li>\n<li><span id=\"entitiesTable\"><span id=\"entitiesT:2:rowEntry\">Raniszewski Adam, Piasecki Przemys\u0142aw: The Investigation of Multual Coupling Effects on a Large Array Antenna Radiation Pattern, in: Proc. MIKON 2018, 2018, Fundacja Mikrofal i Radiolokacji MIKON, ISBN 978-83-949421-0-6, pp. 54-5<\/span><\/span><\/li>\n<li><span id=\"entitiesTable\"><span id=\"entitiesT:3:rowEntry\">Strycharz Jakub, Piasecki Przemys\u0142aw: 3D Printed Circular and Rectangular Waveguide Mode Converters, in: Proc. MIKON 2018, 2018, Fundacja Mikrofal i Radiolokacji MIKON, ISBN 978-83-949421-0-6, pp. 26-30 <\/span><\/span><\/li>\n<li>Y. Yashchyshyn, K. Derzakowski, G. Bogdan, K. Godziszewski, D. Nyzovets, C. H. Kim, B.Park, \u201cSuitability of S-PIN diodes used in reconfigurable antennas,\u201d in <em>14th Int. Conf. Advanced Trends in Radioelectronics, Telecommunications and Computer Engineering (TCSET)<\/em>, Lviv-Slavske, Ukraine, 2018, pp. 587\u2013590.<br \/>\n<a href=\"https:\/\/ieeexplore.ieee.org\/document\/8336271\" target=\"_blank\" rel=\"noopener\">https:\/\/ieeexplore.ieee.org\/document\/8336271<\/a><\/li>\n<li>Y. Yashchyshyn, \u201cCapabilities and Limitations of 4D Antenna Arrays in MIMO Applications,\u201d in <em>8th International Conference on Electronics, Communications and Networks (CECNeT)<\/em>, Bangkok, Thailand, 2018, p. 7.<\/li>\n<li>G. Bogdan, \u201cAlgorytm adaptacyjnego kszta\u0142towania charakterystyki kierunkowej szyku antenowego z modulacj\u0105 czasow\u0105\u201d\u00a0(An Adaptive Algorithm for Beamforming in a Time Modulated Antenna Array), in <em>Mat. 19 Seminarium &#8211; Radiokomunikacja i Techniki Multimedialne <\/em><em>(19th Seminar \u2013 Radiocommunications and Multimedia Technologies)<\/em>, Warsaw, Poland, 2018, pp. 35\u201342.<\/li>\n<li>M. Brenner, &#8220;Projekt i wykonanie filtr\u00f3w powierzchniowych na pasmo subterahercowe w technologii PCB&#8221; (Design and Realization of Frequency Selective Surfaces for Subterahertz Frequencies in PCB Technology), in <em>Mat. 19 Seminarium &#8211; Radiokomunikacja i Techniki Multimedialne (19th Seminar \u2013 Radiocommunications and Multimedia Technologies)<\/em>, Warsaw, Poland, 2018, pp. 43-50.<\/li>\n<\/ul>\n<h5>Patents<\/h5>\n<ul>\n<li>G. Bogdan, Y. Yashchyshyn, &#8220;Method for shaping directional pattern in the aerial array with time modulation and the aerial array with time modulation&#8221;, <a href=\"https:\/\/ewyszukiwarka.pue.uprp.gov.pl\/search\/pwp-details\/P.416239\">PL 230083<\/a>, 2018.<\/li>\n<li><span id=\"entitiesTable\"><span id=\"entitiesT:11:rowEntry\">Szafran Miko\u0142aj, Pawlikowska Emilia, Pietrzak Emilia, Bobryk Ewa, Yashchyshyn Yevhen, Godziszewski Konrad, Kozakiewicz J, Ofat I, Trzaska J: Method of manufacturing of tunable ceramic-polymer composites for high frequency electronics, Invention, Protected, Application number: P-410683, Patent (decision) date: 12-03-2018.<br \/>\n<\/span><\/span><\/li>\n<\/ul>\nMethod for shaping directional pattern in the aerial with time modulation and the aerial with time modulation, Patent\/rights number: PL 230083, Application date: 23-02-2016, Patent (decision) date: 11-05-2018 <\/li>\n<li>Szafran Miko\u0142aj, Pawlikowska Emilia, Pietrzak Emilia, Bobryk Ewa, Yashchyshyn Yevhen, Godziszewski Konrad, Kozakiewicz J, Ofat I, Trzaska J: Method of manufacturing of tunable ceramic-polymer composites for high frequency electronics. Patent\/rights number: PL 229471, Application date: 19-12-2014, Patent (decision) date: 12-03-2018.<\/li>\n<\/ul>","protected":false},"excerpt":{"rendered":"<p>Journal Citation Reports \u2013 Thomson Reuters Y. Yashchyshyn, K. Derzakowski, G. Bogdan, K. Godziszewski, D. Nyzovets, C. H. Kim, and B. Park, \u201c28 GHz Switched-Beam Antenna Based on S-PIN Diodes for 5G<a class=\"moretag\" href=\"https:\/\/sub-thz.ire.pw.edu.pl\/?page_id=733\">Read More&#8230;<\/a><\/p>\n","protected":false},"author":1,"featured_media":0,"parent":108,"menu_order":0,"comment_status":"closed","ping_status":"closed","template":"","meta":{"footnotes":""},"class_list":["post-733","page","type-page","status-publish","hentry"],"_links":{"self":[{"href":"https:\/\/sub-thz.ire.pw.edu.pl\/index.php?rest_route=\/wp\/v2\/pages\/733","targetHints":{"allow":["GET"]}}],"collection":[{"href":"https:\/\/sub-thz.ire.pw.edu.pl\/index.php?rest_route=\/wp\/v2\/pages"}],"about":[{"href":"https:\/\/sub-thz.ire.pw.edu.pl\/index.php?rest_route=\/wp\/v2\/types\/page"}],"author":[{"embeddable":true,"href":"https:\/\/sub-thz.ire.pw.edu.pl\/index.php?rest_route=\/wp\/v2\/users\/1"}],"replies":[{"embeddable":true,"href":"https:\/\/sub-thz.ire.pw.edu.pl\/index.php?rest_route=%2Fwp%2Fv2%2Fcomments&post=733"}],"version-history":[{"count":66,"href":"https:\/\/sub-thz.ire.pw.edu.pl\/index.php?rest_route=\/wp\/v2\/pages\/733\/revisions"}],"predecessor-version":[{"id":2063,"href":"https:\/\/sub-thz.ire.pw.edu.pl\/index.php?rest_route=\/wp\/v2\/pages\/733\/revisions\/2063"}],"up":[{"embeddable":true,"href":"https:\/\/sub-thz.ire.pw.edu.pl\/index.php?rest_route=\/wp\/v2\/pages\/108"}],"wp:attachment":[{"href":"https:\/\/sub-thz.ire.pw.edu.pl\/index.php?rest_route=%2Fwp%2Fv2%2Fmedia&parent=733"}],"curies":[{"name":"wp","href":"https:\/\/api.w.org\/{rel}","templated":true}]}}