{"id":311,"date":"2016-10-24T11:23:34","date_gmt":"2016-10-24T09:23:34","guid":{"rendered":"http:\/\/www.ire.pw.edu.pl\/anteny\/?page_id=311"},"modified":"2021-01-24T09:53:39","modified_gmt":"2021-01-24T08:53:39","slug":"publication-in-2016","status":"publish","type":"page","link":"https:\/\/sub-thz.ire.pw.edu.pl\/?page_id=311","title":{"rendered":"Publications in 2016"},"content":{"rendered":"<p><strong>Journal Citation Reports \u2013 Thomson Reuters<\/strong><\/p>\n<ul>\n<li>G. Bogdan, Y. Yashchyshyn, M. Jarzynka, \u201cTime-Modulated Antenna Array with Lossless Switching Network\u201d, <em>IEEE Antennas and Wireless Propagation Letters<\/em>, vol.15, 2016, pp. 1827-1830, doi: <a class=\"ng-binding\" href=\"http:\/\/dx.doi.org\/10.1109\/LAWP.2016.2538463\" target=\"_blank\" rel=\"noopener\">10.1109\/LAWP.2016.2538463<\/a>, (<a href=\"wp-content\/uploads\/2017\/12\/LAWP2538463.pdf\">click here download pre-print version<\/a>)<\/li>\n<\/ul>\n<p><strong>International papers<br \/>\n<\/strong><\/p>\n<ul>\n<li>O. A. Shcherbyna, Y. Yashchyshyn, \u201eBroadband V-band angular transition\u201d, Radioelectronics and Communications Systems, vol. 59, no. 4 (2016), pp. 179-183, April 2016, doi: 10.3103\/S0735272716040051 (oryginalny tekst w j\u0119zyku rosyjskim \u201e\u0428\u0438\u0440\u043e\u043a\u043e\u043f\u043e\u043b\u043e\u0441\u043d\u044b\u0439 \u0443\u0433\u043b\u043e\u0432\u043e\u0439 \u043f\u0435\u0440\u0435\u0445\u043e\u0434 \u0434\u043b\u044f V-\u0434\u0438\u0430\u043f\u0430\u0437\u043e\u043d\u0430\u201d, w: Izvestiya Vysshikh Uchebnykh Zavedenii, Radioelektronika \u2013 czasopismo znajduj\u0105ce si\u0119 na li\u015bcie JCR, ale bez wyliczonego IF, doi: 10.20535\/S0021347016040051)<\/li>\n<li>Beata Synkiewicz, Jan Kulawik, Yevhen Yashchyshyn, Przemys\u0142aw Piasecki, &#8220;Design of LTCC Based 3-D Antenna for Sub-THz Application&#8221;, <em>Periodica Polytechnica Electrical Engineering and Computer Science<\/em>, tom 60, nr. 4, str. 195-199, 2016. DOI: <a href=\"http:\/\/dx.doi.org\/10.3311\/PPee.9739\">10.3311\/PPee.9739<\/a><\/li>\n<\/ul>\n<p><strong>National papers<br \/>\n<\/strong><\/p>\n<ul>\n<li>G. Bogdan, \u201eSzerokopasmowy planarny szyk antenowy z polaryzacj\u0105 ko\u0142ow\u0105\u201d (Wideband Planar Antenna Array with Circular Polarization), Przegl\u0105d Telekomunikacyjny i Wiadomo\u015bci Telekomunikacyjne, vol. LXXXVIII, no. 6 (2016), pp. 265-268, doi: 10.15199\/59.2016.6.22<\/li>\n<li>P. Piasecki, \u201ePomiar charakterystyki anteny dook\u00f3lnej z zastosowaniem oknowania w dziedzinie czasu\u201d (Measurement of an omnidirectional antenna radiation pattern with using a time domain technique), Przegl\u0105d Telekomunikacyjny i Wiadomo\u015bci Telekomunikacyjne, vol. LXXXVIII, no. 6 (2016), pp. 269-272, doi: 10.15199\/59.2016.6.23<\/li>\n<li>J. Sobolewski, Pawe\u0142 R. Bajurko, \u201ePromiennik \u0142atkowy na pod\u0142o\u017cu LTCC na pasmo 120 GHz\u201d (A 120 GHz Patch Radiator on LTCC Substrate), Przegl\u0105d Telekomunikacyjny i Wiadomo\u015bci Telekomunikacyjne, vol. LXXXVIII, no. 6 (2016), pp. 273-276, doi: 10.15199\/59.2016.6.24<\/li>\n<li>P. W\u0142odarczyk, Y. Yashchyshyn, \u201eProjekt anteny paskowej na pasmo sub-terahercowe przeznaczonej do realizacji w technologii LTCC\u201d (Strip Antenna Design on Sub-terahertz Bandwidth Destined to Construct in LTCC Technology), Przegl\u0105d Telekomunikacyjny i Wiadomo\u015bci Telekomunikacyjne, vol. LXXXVIII, no. 6 (2016), pp. 277-280, doi: 10.15199\/59.2016.6.25<\/li>\n<li>Y. Yashchyshyn, K. Godziszewski, P. Piasecki, \u201eSzyk antenowy ze skanowaniem sektorowym na pasmo X\u201d (Antenna Array with Sector Scanning for X-Band Applications), Przegl\u0105d Telekomunikacyjny i Wiadomo\u015bci Telekomunikacyjne, vol. LXXXVIII, no. 6 (2016), pp. 633-636, doi: 10.15199\/59.2016.6.114<\/li>\n<\/ul>\n<p><strong>Conference papers<br \/>\n<\/strong><\/p>\n<ul>\n<li>G. Bogdan, Y. Yashchyshyn, &#8220;Spatial filtration of digitally modulated signals using a time-modulated antenna array&#8221;, 13th International Conference on Modern Problems of Radio Engineering, Telecommunications and Computer Science (TCSET), 23-26 February 2016, Lviv, Ukraine, pp. 164-166, doi: 10.1109\/TCSET.2016.7452001<\/li>\n<li>P. Piasecki, Y. Yashchyshyn, &#8220;120 GHz &#8211; 135 GHz CPWG to dielectric waveguide transition and its capability with using different LTCC materials&#8221;, 13th International Conference on Modern Problems of Radio Engineering, Telecommunications and Computer Science (TCSET), 23-26 February 2016, Lviv, Ukraine, pp. 191-194, doi: 10.1109\/TCSET.2016.7452009<\/li>\n<li>G. Bogdan, M. Jarzynka, Y. Yashchyshyn, &#8220;Experimental study of signal reception by means of time-modulated antenna array&#8221;, 21st International Conference on Microwave, Radar and Wireless Communications (MIKON), 9-11 May 2016, Krakow, Poland, pp. 1-4, doi: 10.1109\/MIKON.2016.7492030<\/li>\n<li>K. Godziszewski, Y. Yashchyshyn, &#8220;Investigation of influence of measurement conditions on accuracy of material characterization in sub-THz frequency range&#8221;, 21st International Conference on Microwave, Radar and Wireless Communications (MIKON), 9-11 May 2016, Krakow, Poland, pp. 1-4, doi: 10.1109\/MIKON.2016.7491939<\/li>\n<li>P. Piasecki, Y. Yashchyshyn, A. Denisov, &#8220;Investigation of LTCC leaky wave antenna operated in mm-wave band&#8221;, 21st International Conference on Microwave, Radar and Wireless Communications (MIKON), 9-11 May 2016, Krakow, Poland, pp. 1-4, doi: 10.1109\/MIKON.2016.7492006<\/li>\n<li>P. Piasecki, &#8220;The investigation of VHF array antenna radiation pattern simulated in free space and in a semi-anechoic chamber,&#8221; 21st International Conference on Microwave, Radar and Wireless Communications (MIKON), 9-11 May 2016, Krakow, Poland, pp. 1-4, doi: 10.1109\/MIKON.2016.7492022<\/li>\n<li>P. R. Bajurko, &#8220;Millimeter wave permittivity and loss tangent measurements of LTCC materials&#8221;, 21st International Conference on Microwave, Radar and Wireless Communications (MIKON), 9-11 May 2016, Krakow, Poland, pp. 1-4, doi: 10.1109\/MIKON.2016.7492104<\/li>\n<li>M. Dirix, A. Enayati, J. Wesemael, P. R. Bajurko, \u201cImproved clutter removal for measuring wall reflectivity using the RCS technique\u201d, <em>38th Annual Symposium of the Antenna Measurement Techniques Association, AMTA 2016<\/em>, Austin, TX, US, Pa\u017adziernik 30 &#8211; Listopad 4, 2016.<\/li>\n<li>B. Synkiewicz, J. Kulawik, A. Skwarek, Y. Yashchyshyn i P. Piasecki, &#8220;High resolution patterns on LTCC substrates for microwave applications obtained by screen printing and laser ablation&#8221;, <em>2016 39th International Spring Seminar on Electronics Technology (ISSE)<\/em>, Pilsen, 2016, str. 17-21. doi: <a href=\"http:\/\/ieeexplore.ieee.org\/stamp\/stamp.jsp?tp=&amp;arnumber=7563153&amp;isnumber=7562869\">10.1109\/ISSE.2016.7563153<\/a><\/li>\n<\/ul>\n<p><strong>Patents<\/strong><\/p>\n<ul>\n<li>G. Bogdan, Y. Yashchyshyn, \u201eSpos\u00f3b kszta\u0142towania charakterystyki kierunkowej w szyku antenowym z modulacj\u0105 czasow\u0105 oraz szyk antenowy z modulacj\u0105 czasow\u0105\u201d, numer zg\u0142oszenia: P-416239, 23.02.2016.<\/li>\n<\/ul>\n<p><strong>Awards<\/strong><\/p>\n<ul>\n<li>G. Bogdan, I nagroda w Konkursie M\u0142odych Naukowc\u00f3w za referat: \u201eSzerokopasmowy szyk antenowy z polaryzacj\u0105 ko\u0142ow\u0105\u201d przedstawiony na Krajowej Konferencji Radiofonii, Radiokomunikacji i Telewizji 2016.<\/li>\n<li>P. W\u0142odarczyk, wyr\u00f3\u017cnienie w Konkursie M\u0142odych Naukowc\u00f3w za referat: \u201eProjekt anteny paskowej na pasmo sub\u2010terahercowe przeznaczonej do realizacji w technologii LTCC\u201d przedstawiony na Krajowej Konferencji Radiofonii, Radiokomunikacji i Telewizji 2016.<\/li>\n<li>J. Sobolewski, wyr\u00f3\u017cnienie w Konkursie M\u0142odych Naukowc\u00f3w za referat: \u201ePromiennik \u0142atkowy na pod\u0142o\u017cu LTCC na pasmo 120 GHz\u201d przedstawiony na Krajowej Konferencji Radiofonii, Radiokomunikacji i Telewizji 2016.<\/li>\n<li>G. Bogdan, II miejsce w konkursie Wydzia\u0142u Elektroniki i Technik Informacyjnych dla doktorant\u00f3w na stypendia preferuj\u0105ce najlepsz\u0105 publikacj\u0119 lub przyznany patent w roku akademickim 2015\/2016 za wiod\u0105cy udzia\u0142 w publikacji &#8220;Time-Modulated Antenna Array with Lossless Switching Network&#8221; &#8211; <a href=\"http:\/\/www.ire.pw.edu.pl\/anteny\/wp-content\/uploads\/2016\/10\/2016-Za-zaj\u0119cie-II-miejsca-w-konkursie-WEiTI-dla-doktorantow.png\">dyplom<\/a><\/li>\n<\/ul>","protected":false},"excerpt":{"rendered":"<p>Journal Citation Reports \u2013 Thomson Reuters G. Bogdan, Y. Yashchyshyn, M. Jarzynka, \u201cTime-Modulated Antenna Array with Lossless Switching Network\u201d, IEEE Antennas and Wireless Propagation Letters, vol.15, 2016, pp. 1827-1830, doi: 10.1109\/LAWP.2016.2538463, (click<a class=\"moretag\" href=\"https:\/\/sub-thz.ire.pw.edu.pl\/?page_id=311\">Read More&#8230;<\/a><\/p>\n","protected":false},"author":1,"featured_media":0,"parent":108,"menu_order":0,"comment_status":"closed","ping_status":"closed","template":"","meta":{"footnotes":""},"class_list":["post-311","page","type-page","status-publish","hentry"],"_links":{"self":[{"href":"https:\/\/sub-thz.ire.pw.edu.pl\/index.php?rest_route=\/wp\/v2\/pages\/311","targetHints":{"allow":["GET"]}}],"collection":[{"href":"https:\/\/sub-thz.ire.pw.edu.pl\/index.php?rest_route=\/wp\/v2\/pages"}],"about":[{"href":"https:\/\/sub-thz.ire.pw.edu.pl\/index.php?rest_route=\/wp\/v2\/types\/page"}],"author":[{"embeddable":true,"href":"https:\/\/sub-thz.ire.pw.edu.pl\/index.php?rest_route=\/wp\/v2\/users\/1"}],"replies":[{"embeddable":true,"href":"https:\/\/sub-thz.ire.pw.edu.pl\/index.php?rest_route=%2Fwp%2Fv2%2Fcomments&post=311"}],"version-history":[{"count":29,"href":"https:\/\/sub-thz.ire.pw.edu.pl\/index.php?rest_route=\/wp\/v2\/pages\/311\/revisions"}],"predecessor-version":[{"id":1839,"href":"https:\/\/sub-thz.ire.pw.edu.pl\/index.php?rest_route=\/wp\/v2\/pages\/311\/revisions\/1839"}],"up":[{"embeddable":true,"href":"https:\/\/sub-thz.ire.pw.edu.pl\/index.php?rest_route=\/wp\/v2\/pages\/108"}],"wp:attachment":[{"href":"https:\/\/sub-thz.ire.pw.edu.pl\/index.php?rest_route=%2Fwp%2Fv2%2Fmedia&parent=311"}],"curies":[{"name":"wp","href":"https:\/\/api.w.org\/{rel}","templated":true}]}}