{"id":2617,"date":"2025-10-21T12:29:22","date_gmt":"2025-10-21T10:29:22","guid":{"rendered":"https:\/\/sub-thz.ire.pw.edu.pl\/?page_id=2617"},"modified":"2025-11-03T19:40:58","modified_gmt":"2025-11-03T18:40:58","slug":"kolo-naukowe-projektowania-anten","status":"publish","type":"page","link":"https:\/\/sub-thz.ire.pw.edu.pl\/?page_id=2617","title":{"rendered":"Ko\u0142o Naukowe Projektowania Anten"},"content":{"rendered":"<div id=\"pl-2617\"  class=\"panel-layout\" ><div id=\"pg-2617-0\"  class=\"panel-grid panel-no-style\" ><div id=\"pgc-2617-0-0\"  class=\"panel-grid-cell\" ><div id=\"panel-2617-0-0-0\" class=\"so-panel widget widget_sow-editor panel-first-child\" data-index=\"0\" ><div\n\t\t\t\n\t\t\tclass=\"so-widget-sow-editor so-widget-sow-editor-base\"\n\t\t\t\n\t\t>\n<div class=\"siteorigin-widget-tinymce textwidget\">\n\t<h2>Zesp\u00f3\u0142 na MS Teams<\/h2>\n<p>Otwarty dla wszystkich student\u00f3w oraz pracownik\u00f3w Politechniki Warszawskiej. Publikujemy na nim na bie\u017c\u0105co informacje o dzia\u0142aniach Ko\u0142a oraz innych ciekawych wydarzeniach. Zapraszamy do do\u0142\u0105czenia!<\/p>\n<p><a href=\"https:\/\/teams.microsoft.com\/l\/channel\/19%3AOVFqN0datXwOgBKI9R-zX11wpeI42eN0Q6b07aGFcqw1%40thread.tacv2\/General?groupId=2dcaa18d-7bd2-42eb-a870-ae92db1409af&amp;tenantId=3b50229c-cd78-4588-9bcf-97b7629e2f0f\">https:\/\/teams.microsoft.com\/l\/channel\/19%3AOVFqN0datXwOgBKI9R-zX11wpeI42eN0Q6b07aGFcqw1%40thread.tacv2\/General?groupId=2dcaa18d-7bd2-42eb-a870-ae92db1409af&amp;tenantId=3b50229c-cd78-4588-9bcf-97b7629e2f0f<\/a><\/p>\n<h2>Grupa na Facebooku<\/h2>\n<p><a href=\"https:\/\/www.facebook.com\/groups\/1185871879614187\/\">https:\/\/www.facebook.com\/groups\/1185871879614187\/<\/a><\/p>\n<\/div>\n<\/div><\/div><div id=\"panel-2617-0-0-1\" class=\"so-panel widget widget_media_gallery panel-last-child\" data-index=\"1\" ><div id='gallery-1' class='gallery galleryid-2617 gallery-columns-1 gallery-size-large'><dl class='gallery-item'>\n\t\t\t<dt class='gallery-icon landscape'>\n\t\t\t\t<img loading=\"lazy\" decoding=\"async\" width=\"604\" height=\"453\" src=\"https:\/\/sub-thz.ire.pw.edu.pl\/wp-content\/uploads\/2025\/10\/20251015_142423-1024x768.jpg\" class=\"attachment-large size-large\" alt=\"\" srcset=\"https:\/\/sub-thz.ire.pw.edu.pl\/wp-content\/uploads\/2025\/10\/20251015_142423-1024x768.jpg 1024w, https:\/\/sub-thz.ire.pw.edu.pl\/wp-content\/uploads\/2025\/10\/20251015_142423-300x225.jpg 300w, https:\/\/sub-thz.ire.pw.edu.pl\/wp-content\/uploads\/2025\/10\/20251015_142423-768x576.jpg 768w, https:\/\/sub-thz.ire.pw.edu.pl\/wp-content\/uploads\/2025\/10\/20251015_142423-1536x1152.jpg 1536w, https:\/\/sub-thz.ire.pw.edu.pl\/wp-content\/uploads\/2025\/10\/20251015_142423-2048x1536.jpg 2048w\" sizes=\"auto, (max-width: 604px) 100vw, 604px\" \/>\n\t\t\t<\/dt><\/dl><br style=\"clear: both\" \/>\n\t\t<\/div>\n<\/div><\/div><div id=\"pgc-2617-0-1\"  class=\"panel-grid-cell\" ><div id=\"panel-2617-0-1-0\" class=\"so-panel widget widget_media_gallery panel-first-child panel-last-child\" data-index=\"2\" ><div id='gallery-2' class='gallery galleryid-2617 gallery-columns-1 gallery-size-large'><dl class='gallery-item'>\n\t\t\t<dt class='gallery-icon portrait'>\n\t\t\t\t<img loading=\"lazy\" decoding=\"async\" width=\"604\" height=\"805\" src=\"https:\/\/sub-thz.ire.pw.edu.pl\/wp-content\/uploads\/2025\/10\/obraz-20251007-113125-d8909f89-768x1024.jpeg\" class=\"attachment-large size-large\" alt=\"\" srcset=\"https:\/\/sub-thz.ire.pw.edu.pl\/wp-content\/uploads\/2025\/10\/obraz-20251007-113125-d8909f89-768x1024.jpeg 768w, https:\/\/sub-thz.ire.pw.edu.pl\/wp-content\/uploads\/2025\/10\/obraz-20251007-113125-d8909f89-225x300.jpeg 225w, https:\/\/sub-thz.ire.pw.edu.pl\/wp-content\/uploads\/2025\/10\/obraz-20251007-113125-d8909f89-1152x1536.jpeg 1152w, https:\/\/sub-thz.ire.pw.edu.pl\/wp-content\/uploads\/2025\/10\/obraz-20251007-113125-d8909f89-1536x2048.jpeg 1536w, https:\/\/sub-thz.ire.pw.edu.pl\/wp-content\/uploads\/2025\/10\/obraz-20251007-113125-d8909f89-scaled.jpeg 1920w\" sizes=\"auto, (max-width: 604px) 100vw, 604px\" \/>\n\t\t\t<\/dt><\/dl><br style=\"clear: both\" \/>\n\t\t<\/div>\n<\/div><\/div><\/div><\/div>","protected":false},"excerpt":{"rendered":"<p>Zesp\u00f3\u0142 na MS Teams Otwarty dla wszystkich student\u00f3w oraz pracownik\u00f3w Politechniki Warszawskiej. Publikujemy na nim na bie\u017c\u0105co informacje o dzia\u0142aniach Ko\u0142a oraz innych ciekawych wydarzeniach. Zapraszamy do do\u0142\u0105czenia! https:\/\/teams.microsoft.com\/l\/channel\/19%3AOVFqN0datXwOgBKI9R-zX11wpeI42eN0Q6b07aGFcqw1%40thread.tacv2\/General?groupId=2dcaa18d-7bd2-42eb-a870-ae92db1409af&amp;tenantId=3b50229c-cd78-4588-9bcf-97b7629e2f0f Grupa na Facebooku<a class=\"moretag\" href=\"https:\/\/sub-thz.ire.pw.edu.pl\/?page_id=2617\">Read More&#8230;<\/a><\/p>\n","protected":false},"author":1,"featured_media":0,"parent":2,"menu_order":0,"comment_status":"closed","ping_status":"closed","template":"","meta":{"footnotes":""},"class_list":["post-2617","page","type-page","status-publish","hentry"],"_links":{"self":[{"href":"https:\/\/sub-thz.ire.pw.edu.pl\/index.php?rest_route=\/wp\/v2\/pages\/2617","targetHints":{"allow":["GET"]}}],"collection":[{"href":"https:\/\/sub-thz.ire.pw.edu.pl\/index.php?rest_route=\/wp\/v2\/pages"}],"about":[{"href":"https:\/\/sub-thz.ire.pw.edu.pl\/index.php?rest_route=\/wp\/v2\/types\/page"}],"author":[{"embeddable":true,"href":"https:\/\/sub-thz.ire.pw.edu.pl\/index.php?rest_route=\/wp\/v2\/users\/1"}],"replies":[{"embeddable":true,"href":"https:\/\/sub-thz.ire.pw.edu.pl\/index.php?rest_route=%2Fwp%2Fv2%2Fcomments&post=2617"}],"version-history":[{"count":7,"href":"https:\/\/sub-thz.ire.pw.edu.pl\/index.php?rest_route=\/wp\/v2\/pages\/2617\/revisions"}],"predecessor-version":[{"id":2637,"href":"https:\/\/sub-thz.ire.pw.edu.pl\/index.php?rest_route=\/wp\/v2\/pages\/2617\/revisions\/2637"}],"up":[{"embeddable":true,"href":"https:\/\/sub-thz.ire.pw.edu.pl\/index.php?rest_route=\/wp\/v2\/pages\/2"}],"wp:attachment":[{"href":"https:\/\/sub-thz.ire.pw.edu.pl\/index.php?rest_route=%2Fwp%2Fv2%2Fmedia&parent=2617"}],"curies":[{"name":"wp","href":"https:\/\/api.w.org\/{rel}","templated":true}]}}