{"id":2440,"date":"2025-02-28T18:08:54","date_gmt":"2025-02-28T17:08:54","guid":{"rendered":"https:\/\/sub-thz.ire.pw.edu.pl\/?page_id=2440"},"modified":"2025-03-20T14:12:18","modified_gmt":"2025-03-20T13:12:18","slug":"teraherz","status":"publish","type":"page","link":"https:\/\/sub-thz.ire.pw.edu.pl\/?page_id=2440","title":{"rendered":"TeraHertz"},"content":{"rendered":"<div id=\"pl-2440\"  class=\"panel-layout\" ><div id=\"pg-2440-0\"  class=\"panel-grid panel-no-style\" ><div id=\"pgc-2440-0-0\"  class=\"panel-grid-cell\" ><div><div class=\"tx-spacer clearfix\" style=\"height: 35px\"><\/div><\/div><div><div class=\"tx-heading\" style=\"margin-bottom:16px; text-align: left;\"><h2 class=\"tx-heading-tag\" style=\"font-size:24px;\">Novel Technologies and Materials for TeraHertz Radiation Control<\/h2><\/div><\/div><div id=\"panel-2440-0-0-2\" class=\"so-panel widget widget_sow-editor\" data-index=\"2\" ><div\n\t\t\t\n\t\t\tclass=\"so-widget-sow-editor so-widget-sow-editor-base\"\n\t\t\t\n\t\t>\n<div class=\"siteorigin-widget-tinymce textwidget\">\n\t<p>The project focuses on developing novel technologies and materials characterization that are to be used synergistically to create advanced possibilities for terahertz radiation control. International team expertized in materials synthesis and terahertz science will direct its efforts towards the development of innovative quasi-optical technologies which will help finding the solution for efficient use of dielectric and<br \/>\n emiconductor crystalline materials, including nanocomposites and coplanar structures, and their application as functional elements in terahertz radiation control devices, ultimately targeting market-ready innovative products. A range of such materials will be considered for thorough investigations of potential application in electro\/acousto-quasioptical devices to control THz radiation. Optimization of transmission, absorption, refraction indexes, loss tangent, the dielectric constant will be made based on experimental measurements and computer simulations. The project's scope will include semiconductor materials in which light-induced photogeneration of charge carriers is possible. The effect of photogeneration on the parameters of these materials will be used to develop efficient quasi-optical cells, which are key elements of control devices. The project brings together an international multidisciplinary network of organizations from academia and industry that will work coherently on the innovative research program on quasi-optical technologies and related material engineering. Participants will exchange skills and share knowledge, strengthening links between countries and promoting interaction between involved economics sectors. Reaching the goals related to the implementation of advanced quasi-optical technologies will open new market possibilities for engaged non-academic project participants, ultimately becoming beneficial for European society globally.<\/p>\n<\/div>\n<\/div><\/div><div><div class=\"tx-heading\" style=\"margin-bottom:16px; text-align: left;\"><h2 class=\"tx-heading-tag\" style=\"font-size:24px;\">Funding<\/h2><\/div><\/div><\/div><\/div><div id=\"pg-2440-1\"  class=\"panel-grid panel-no-style\" ><div id=\"pgc-2440-1-0\"  class=\"panel-grid-cell\" ><div id=\"panel-2440-1-0-0\" class=\"so-panel widget widget_sow-editor panel-first-child panel-last-child\" data-index=\"4\" ><div\n\t\t\t\n\t\t\tclass=\"so-widget-sow-editor so-widget-sow-editor-base\"\n\t\t\t\n\t\t>\n<div class=\"siteorigin-widget-tinymce textwidget\">\n\t<p>Type of action: HORIZON TMA MSCA Staff Exchanges<br \/>\nProject name: Novel Technologies and Materials for TeraHertz Radiation Control (acronym: TeraHertz )<br \/>\nMax grant amount: 1 508 800,00 EUR<\/p>\n<\/div>\n<\/div><\/div><\/div><div id=\"pgc-2440-1-1\"  class=\"panel-grid-cell\" ><div id=\"panel-2440-1-1-0\" class=\"so-panel widget widget_sow-image panel-first-child panel-last-child\" data-index=\"5\" ><div\n\t\t\t\n\t\t\tclass=\"so-widget-sow-image so-widget-sow-image-default-8b5b6f678277-2440\"\n\t\t\t\n\t\t>\n<div class=\"sow-image-container\">\n\t\t<img \n\tsrc=\"https:\/\/sub-thz.ire.pw.edu.pl\/wp-content\/uploads\/2025\/02\/EU.jpg\" width=\"301\" height=\"124\" sizes=\"(max-width: 301px) 100vw, 301px\" alt=\"\" \t\tclass=\"so-widget-image\"\/>\n\t<\/div>\n\n<\/div><\/div><\/div><\/div><div id=\"pg-2440-2\"  class=\"panel-grid panel-no-style\" ><div id=\"pgc-2440-2-0\"  class=\"panel-grid-cell\" ><div id=\"panel-2440-2-0-0\" class=\"so-panel widget widget_sow-editor panel-first-child panel-last-child\" data-index=\"6\" ><div\n\t\t\t\n\t\t\tclass=\"so-widget-sow-editor so-widget-sow-editor-base\"\n\t\t\t\n\t\t>\n<div class=\"siteorigin-widget-tinymce textwidget\">\n\t<p>Nazwa programu: Projekty Mi\u0119dzynarodowe Wsp\u00f3\u0142finansowane<br \/>\nNazwa zadania: Nowe technologie i materia\u0142y do kontroli promieniowania terahercowego (akronim: TeraHertz)<br \/>\nWarto\u015b\u0107 dofinansowania: 146 736,00 z\u0142<br \/>\nCa\u0142kowita warto\u015b\u0107: 883 068,00 z\u0142<\/p>\n<\/div>\n<\/div><\/div><\/div><div id=\"pgc-2440-2-1\"  class=\"panel-grid-cell\" ><div id=\"panel-2440-2-1-0\" class=\"so-panel widget widget_sow-image panel-first-child panel-last-child\" data-index=\"7\" ><div\n\t\t\t\n\t\t\tclass=\"so-widget-sow-image so-widget-sow-image-default-8b5b6f678277-2440\"\n\t\t\t\n\t\t>\n<div class=\"sow-image-container\">\n\t\t<img \n\tsrc=\"https:\/\/sub-thz.ire.pw.edu.pl\/wp-content\/uploads\/2025\/02\/znaki_strona_www.png\" width=\"1751\" height=\"583\" srcset=\"https:\/\/sub-thz.ire.pw.edu.pl\/wp-content\/uploads\/2025\/02\/znaki_strona_www.png 1751w, https:\/\/sub-thz.ire.pw.edu.pl\/wp-content\/uploads\/2025\/02\/znaki_strona_www-300x100.png 300w, https:\/\/sub-thz.ire.pw.edu.pl\/wp-content\/uploads\/2025\/02\/znaki_strona_www-1024x341.png 1024w, https:\/\/sub-thz.ire.pw.edu.pl\/wp-content\/uploads\/2025\/02\/znaki_strona_www-768x256.png 768w, https:\/\/sub-thz.ire.pw.edu.pl\/wp-content\/uploads\/2025\/02\/znaki_strona_www-1536x511.png 1536w\" sizes=\"(max-width: 1751px) 100vw, 1751px\" alt=\"\" \t\tclass=\"so-widget-image\"\/>\n\t<\/div>\n\n<\/div><\/div><\/div><\/div><\/div>","protected":false},"excerpt":{"rendered":"<p>The project focuses on developing novel technologies and materials characterization that are to be used synergistically to create advanced possibilities for terahertz radiation control. International team expertized in materials synthesis and terahertz<a class=\"moretag\" href=\"https:\/\/sub-thz.ire.pw.edu.pl\/?page_id=2440\">Read More&#8230;<\/a><\/p>\n","protected":false},"author":1,"featured_media":0,"parent":394,"menu_order":0,"comment_status":"closed","ping_status":"closed","template":"","meta":{"footnotes":""},"class_list":["post-2440","page","type-page","status-publish","hentry"],"_links":{"self":[{"href":"https:\/\/sub-thz.ire.pw.edu.pl\/index.php?rest_route=\/wp\/v2\/pages\/2440","targetHints":{"allow":["GET"]}}],"collection":[{"href":"https:\/\/sub-thz.ire.pw.edu.pl\/index.php?rest_route=\/wp\/v2\/pages"}],"about":[{"href":"https:\/\/sub-thz.ire.pw.edu.pl\/index.php?rest_route=\/wp\/v2\/types\/page"}],"author":[{"embeddable":true,"href":"https:\/\/sub-thz.ire.pw.edu.pl\/index.php?rest_route=\/wp\/v2\/users\/1"}],"replies":[{"embeddable":true,"href":"https:\/\/sub-thz.ire.pw.edu.pl\/index.php?rest_route=%2Fwp%2Fv2%2Fcomments&post=2440"}],"version-history":[{"count":26,"href":"https:\/\/sub-thz.ire.pw.edu.pl\/index.php?rest_route=\/wp\/v2\/pages\/2440\/revisions"}],"predecessor-version":[{"id":2537,"href":"https:\/\/sub-thz.ire.pw.edu.pl\/index.php?rest_route=\/wp\/v2\/pages\/2440\/revisions\/2537"}],"up":[{"embeddable":true,"href":"https:\/\/sub-thz.ire.pw.edu.pl\/index.php?rest_route=\/wp\/v2\/pages\/394"}],"wp:attachment":[{"href":"https:\/\/sub-thz.ire.pw.edu.pl\/index.php?rest_route=%2Fwp%2Fv2%2Fmedia&parent=2440"}],"curies":[{"name":"wp","href":"https:\/\/api.w.org\/{rel}","templated":true}]}}