{"id":2412,"date":"2025-01-09T11:24:13","date_gmt":"2025-01-09T10:24:13","guid":{"rendered":"https:\/\/sub-thz.ire.pw.edu.pl\/?page_id=2412"},"modified":"2026-03-03T21:44:35","modified_gmt":"2026-03-03T20:44:35","slug":"publications-in-2025","status":"publish","type":"page","link":"https:\/\/sub-thz.ire.pw.edu.pl\/?page_id=2412","title":{"rendered":"Publications in 2025"},"content":{"rendered":"<table id=\"tablepress-10\" class=\"tablepress tablepress-id-10\">\n<thead>\n<tr class=\"row-1\">\n\t<th class=\"column-1\">Papers published in journals<br \/>\n<\/th><th class=\"column-2\"><center>DOI<\/center><\/th><th class=\"column-3\">PDF<\/th><th class=\"column-4\"><center>IF (2023)<\/center><\/th><th class=\"column-5\"><center>MEN (2023)<\/center><\/th>\n<\/tr>\n<\/thead>\n<tbody class=\"row-striping row-hover\">\n<tr class=\"row-2\">\n\t<td class=\"column-1\">R. Maneiro-Catoira, <b>G. Bogdan, K. Godziszewski<\/b>, J.C. Br\u00e9gains, J.A. Garc\u00eda-Naya, <b>Y. Yashchyshyn<\/b>, L. Castedo, \"Joint Beam Steering and Direct Antenna Multimodulation Using Time-Modulated Arrays\", <i>IEEE Internet of Things Journal<\/i>, vol. 12, no. 20, pp. 42702-42716, 2025.<\/td><td class=\"column-2\"><a target=\"_blank\" href=\"https:\/\/doi.org\/10.1109\/jiot.2025.3594557\" rel=\"noopener\">10.1109\/jiot.2025.3594557<\/a><\/td><td class=\"column-3\"><a href=\"https:\/\/ieeexplore.ieee.org\/stamp\/stamp.jsp?tp=&amp;arnumber=11105439\" target=\"_blank\" rel=\"noopener noreferrer\"><img loading=\"lazy\" decoding=\"async\" src=\"https:\/\/upload.wikimedia.org\/wikipedia\/commons\/thumb\/1\/11\/Breathe-folder-download.svg\/128px-Breathe-folder-download.svg.png\" width=\"20\" height=\"20\" \/><\/a><\/td><td class=\"column-4\">8,9<\/td><td class=\"column-5\">200<\/td>\n<\/tr>\n<tr class=\"row-3\">\n\t<td class=\"column-1\">C. Wu, J. Zhao, C. Ma, <b>Y. Yashchyshyn<\/b>, \"P-Band Transmission Coefficient Measurement of Small-Size Planar Transparent Materials,\" <i>IEEE Transactions on Microwave Theory and Techniques<\/i>, 2025<\/td><td class=\"column-2\"><a target=\"_blank\" href=\"https:\/\/doi.org\/10.1109\/TMTT.2025.3610864\" rel=\"noopener\">10.1109\/TMTT.2025.3610864<\/a><\/td><td class=\"column-3\"><\/td><td class=\"column-4\">4,3<\/td><td class=\"column-5\">140<\/td>\n<\/tr>\n<tr class=\"row-4\">\n\t<td class=\"column-1\">Y. Liu, Y. Wang, C. Wu, G. Wan, <b> Y. Yashchyshyn<\/b>, \"Self-Calibration Technique and Permittivity Measurement Using a Slotted Rectangular Waveguide\", <i>IEEE Transactions on Microwave Theory and Techniques<\/i>, vol. 73, no. 1,, pp. 582-591, 2025.<\/td><td class=\"column-2\"><a target=\"_blank\" href=\"https:\/\/doi.org\/10.1109\/TMTT.2024.3419799\" rel=\"noopener\">10.1109\/TMTT.2024.3419799<\/a><\/td><td class=\"column-3\"><a href=\"https:\/\/ieeexplore.ieee.org\/stamp\/stamp.jsp?tp=&amp;arnumber=10602552\" target=\"_blank\" rel=\"noopener noreferrer\"><img loading=\"lazy\" decoding=\"async\" src=\"https:\/\/upload.wikimedia.org\/wikipedia\/commons\/thumb\/1\/11\/Breathe-folder-download.svg\/128px-Breathe-folder-download.svg.png\" width=\"20\" height=\"20\" \/><\/a><\/td><td class=\"column-4\">4,3<\/td><td class=\"column-5\">140<\/td>\n<\/tr>\n<tr class=\"row-5\">\n\t<td class=\"column-1\">Y. Liu, C. Wu, G. Wan, <b>Y. Yashchyshyn<\/b>, \"A Line-Multinetwork (LmN) Self-Calibration Technique\u2014Analysis With a VNA\", <i>IEEE Transactions on Microwave Theory and Techniques<\/i>,  vol. , pp. , 2025.<\/td><td class=\"column-2\"><a target=\"_blank\" href=\"https:\/\/doi.org\/10.1109\/TMTT.2025.3582021\" rel=\"noopener\">10.1109\/TMTT.2025.3582021<\/a><\/td><td class=\"column-3\"><a href=\"https:\/\/ieeexplore.ieee.org\/document\/11060917\" target=\"_blank\" rel=\"noopener noreferrer\"><img loading=\"lazy\" decoding=\"async\" src=\"https:\/\/upload.wikimedia.org\/wikipedia\/commons\/thumb\/1\/11\/Breathe-folder-download.svg\/128px-Breathe-folder-download.svg.png\" width=\"20\" height=\"20\" \/><\/a><\/td><td class=\"column-4\">4,5<\/td><td class=\"column-5\">140<\/td>\n<\/tr>\n<tr class=\"row-6\">\n\t<td class=\"column-1\">N. Xenidis,A. Przew\u0142oka, <b>K. Godziszewski<\/b>, \u0141. Osuchowski, K. Pav\u0142ov   A. Krajewska, <b>Y. Yashchyshyn<\/b>, Z. Mierczyk, J. Oberhammer, D. Lioubtchenko, \"Highly efficient hierarchically porous carbon-silica composite for sub-terahertz stealth and shielding applications\", <i>Computational and Structural Biotechnology Journal<\/i>,  vol. 29, pp. 52-59, 2025.<\/td><td class=\"column-2\"><a target=\"_blank\" href=\"https:\/\/doi.org\/10.1016\/j.csbj.2025.02.021\" rel=\"noopener\">10.1016\/j.csbj.2025.02.021<\/a><\/td><td class=\"column-3\"><a href=\"https:\/\/repo.pw.edu.pl\/docstore\/download\/WUT3d05ae399d9d4ee98048b3f2d082a8f4\/1-s2.0-S2001037025000480-main.pdf?entityType=article&amp;entityId=WUT9af7131d97e6461e861afe024bd514ce\" target=\"_blank\" rel=\"noopener noreferrer\"><img loading=\"lazy\" decoding=\"async\" src=\"https:\/\/upload.wikimedia.org\/wikipedia\/commons\/thumb\/1\/11\/Breathe-folder-download.svg\/128px-Breathe-folder-download.svg.png\" width=\"20\" height=\"20\" \/><\/a><\/td><td class=\"column-4\">4,5<\/td><td class=\"column-5\">100<\/td>\n<\/tr>\n<tr class=\"row-7\">\n\t<td class=\"column-1\"><b>K. Derzakowski<\/b>,  A. Abramowicz, \"Self-Calibration Technique and Permittivity Measurement Using a Slotted Rectangular Waveguide\", <i>International Journal of Electronics and Telecommunications<\/i>, vol. 71, no. 3, pp. 1-9, 2025.<\/td><td class=\"column-2\"><a target=\"_blank\" href=\"https:\/\/doi.org\/10.24425\/ijet.2025.155448\" rel=\"noopener\">10.24425\/ijet.2025.155448<\/a><\/td><td class=\"column-3\"><a href=\"https:\/\/journals.pan.pl\/Content\/135762\" target=\"_blank\" rel=\"noopener noreferrer\"><img loading=\"lazy\" decoding=\"async\" src=\"https:\/\/upload.wikimedia.org\/wikipedia\/commons\/thumb\/1\/11\/Breathe-folder-download.svg\/128px-Breathe-folder-download.svg.png\" width=\"20\" height=\"20\" \/><\/a><\/td><td class=\"column-4\">0,7<\/td><td class=\"column-5\">70<\/td>\n<\/tr>\n<tr class=\"row-8\">\n\t<td class=\"column-1\">Y. Wang,  Z. Lv,  Z. Li,  X. Tian,  <b>Y. Yashchyshyn<\/b>,  Y. Shi,  Q. Guo,  A. Song,  Y. Zhang, \"Manifold Frequency Division Multiplexer With Narrowband SIW\u2013SSPP Hybrid Filters\", <i>International Journal of RF and Microwave Computer-Aided Engineering<\/i>,  3609689, pp. 1-9, 2025.<\/td><td class=\"column-2\"><a target=\"_blank\" href=\"https:\/\/doi.org\/10.1155\/mmce\/3609689\" rel=\"noopener\">10.1155\/mmce\/3609689<\/a><\/td><td class=\"column-3\"><a href=\"https:\/\/onlinelibrary.wiley.com\/doi\/epdf\/10.1155\/mmce\/3609689\" target=\"_blank\" rel=\"noopener noreferrer\"><img loading=\"lazy\" decoding=\"async\" src=\"https:\/\/upload.wikimedia.org\/wikipedia\/commons\/thumb\/1\/11\/Breathe-folder-download.svg\/128px-Breathe-folder-download.svg.png\" width=\"20\" height=\"20\" \/><\/a><\/td><td class=\"column-4\">1<\/td><td class=\"column-5\">40<\/td>\n<\/tr>\n<tr class=\"row-9\">\n\t<td class=\"column-1\"><b>S. S\u0142owi\u0144ski, M. Bandych, G. Bogdan, Y. Yashchyshyn<\/b>, \"Szesnastoelementowy szyk antenowy z modulacj\u0105 czasow\u0105 i skanowaniem wi\u0105zki w pa\u015bmie ISM\", <i>Przegl\u0105d telekomunikacyjny - wiadomo\u015bci telekomunikacyjne<\/i>, vol. XCIV, no. 4, pp. 418-421, 2025.<\/td><td class=\"column-2\"><a target=\"_blank\" href=\"https:\/\/doi.org\/10.15199\/59.2025.4.94\" rel=\"noopener\">10.15199\/59.2025.4.94<\/a><\/td><td class=\"column-3\"><a href=\"https:\/\/www.sigma-not.pl\/publikacja-155779-szesnastoelementowy-szyk-antenowy-z-modulacja-czasowa-i-skanowaniem-wiazki-w-pa%C5%9Bmie-ism-przeglad-telekomunikacyjny-2025-4.html\" target=\"_blank\" rel=\"noopener noreferrer\"><img loading=\"lazy\" decoding=\"async\" src=\"https:\/\/upload.wikimedia.org\/wikipedia\/commons\/thumb\/1\/11\/Breathe-folder-download.svg\/128px-Breathe-folder-download.svg.png\" width=\"20\" height=\"20\" \/><\/a><\/td><td class=\"column-4\">0<\/td><td class=\"column-5\">20<\/td>\n<\/tr>\n<tr class=\"row-10\">\n\t<td class=\"column-1\">O.I. Pavlov, O. Guseva, <b>Y. Yashchyshyn<\/b>. et al.,\"Mathematical Modeling of Moving FMCW Radar: Signal at Receiver Input, <i>Radioelectronics and Communications Systems<\/i>, vol. 67, ss. 65-79, 2025.<\/td><td class=\"column-2\"><a target=\"_blank\" href=\"https:\/\/doi.org\/10.3103\/S073527272211005X\" rel=\"noopener\">10.3103\/S073527272211005X<\/a><\/td><td class=\"column-3\"><a href=\"https:\/\/link.springer.com\/content\/pdf\/10.3103\/S073527272211005X.pdf\" target=\"_blank\" rel=\"noopener noreferrer\"><img loading=\"lazy\" decoding=\"async\" src=\"https:\/\/upload.wikimedia.org\/wikipedia\/commons\/thumb\/1\/11\/Breathe-folder-download.svg\/128px-Breathe-folder-download.svg.png\" width=\"20\" height=\"20\" \/><\/a><\/td><td class=\"column-4\">0,0<\/td><td class=\"column-5\">20<\/td>\n<\/tr>\n<tr class=\"row-11\">\n\t<td class=\"column-1\">A. Belous, O. V\u2019yunov, L. Kovalenko, V. Khitrovskiy, <b>K. Godziszewski, Y. Yahschyshyn<\/b>, \u201cDevelopment of High-Performance Single- and Multiphase Dielectrics for Advanced Microwave Applications\u201d, <i>Science and Innovations<\/i>,  vol. 21, pp. 21\u201336, 2025.<\/td><td class=\"column-2\"><a target=\"_blank\" href=\"https:\/\/doi.org\/10.15407\/scine21.04.021\" rel=\"noopener\">10.15407\/scine21.04.021<\/a><\/td><td class=\"column-3\"><a href=\"https:\/\/scinn-eng.org.ua\/ojs\/index.php\/ni\/article\/view\/836\/272\" target=\"_blank\" rel=\"noopener noreferrer\"><img loading=\"lazy\" decoding=\"async\" src=\"https:\/\/upload.wikimedia.org\/wikipedia\/commons\/thumb\/1\/11\/Breathe-folder-download.svg\/128px-Breathe-folder-download.svg.png\" width=\"20\" height=\"20\" \/><\/a><\/td><td class=\"column-4\">0<\/td><td class=\"column-5\">20<\/td>\n<\/tr>\n<tr class=\"row-12\">\n\t<td class=\"column-1\">S. Krukovskyi, M. Vakiv, , <b>Y. Yashchyshyn<\/b>, et al. Properties of Low-Temperature GaAs Obtained by LPE Method for Terahertz Devices, <i> Radioelectronics and Communications Systems<\/i> 67, 430\u2013437, 2024 <\/td><td class=\"column-2\"><a target=\"_blank\" href=\"https:\/\/doi.org\/10.3103\/S0735272724080041\" rel=\"noopener\">10.3103\/S0735272724080041<\/a><\/td><td class=\"column-3\"><a href=\"https:\/\/link.springer.com\/content\/pdf\/10.3103\/S0735272724080041.pdf\" target=\"_blank\" rel=\"noopener noreferrer\"><img loading=\"lazy\" decoding=\"async\" src=\"https:\/\/upload.wikimedia.org\/wikipedia\/commons\/thumb\/1\/11\/Breathe-folder-download.svg\/128px-Breathe-folder-download.svg.png\" width=\"20\" height=\"20\" \/><\/a><\/td><td class=\"column-4\">0<\/td><td class=\"column-5\">20<\/td>\n<\/tr>\n<\/tbody>\n<\/table>\n<!-- #tablepress-10 from cache -->","protected":false},"excerpt":{"rendered":"","protected":false},"author":1,"featured_media":0,"parent":108,"menu_order":0,"comment_status":"closed","ping_status":"closed","template":"","meta":{"footnotes":""},"class_list":["post-2412","page","type-page","status-publish","hentry"],"_links":{"self":[{"href":"https:\/\/sub-thz.ire.pw.edu.pl\/index.php?rest_route=\/wp\/v2\/pages\/2412","targetHints":{"allow":["GET"]}}],"collection":[{"href":"https:\/\/sub-thz.ire.pw.edu.pl\/index.php?rest_route=\/wp\/v2\/pages"}],"about":[{"href":"https:\/\/sub-thz.ire.pw.edu.pl\/index.php?rest_route=\/wp\/v2\/types\/page"}],"author":[{"embeddable":true,"href":"https:\/\/sub-thz.ire.pw.edu.pl\/index.php?rest_route=\/wp\/v2\/users\/1"}],"replies":[{"embeddable":true,"href":"https:\/\/sub-thz.ire.pw.edu.pl\/index.php?rest_route=%2Fwp%2Fv2%2Fcomments&post=2412"}],"version-history":[{"count":9,"href":"https:\/\/sub-thz.ire.pw.edu.pl\/index.php?rest_route=\/wp\/v2\/pages\/2412\/revisions"}],"predecessor-version":[{"id":2671,"href":"https:\/\/sub-thz.ire.pw.edu.pl\/index.php?rest_route=\/wp\/v2\/pages\/2412\/revisions\/2671"}],"up":[{"embeddable":true,"href":"https:\/\/sub-thz.ire.pw.edu.pl\/index.php?rest_route=\/wp\/v2\/pages\/108"}],"wp:attachment":[{"href":"https:\/\/sub-thz.ire.pw.edu.pl\/index.php?rest_route=%2Fwp%2Fv2%2Fmedia&parent=2412"}],"curies":[{"name":"wp","href":"https:\/\/api.w.org\/{rel}","templated":true}]}}