{"id":2354,"date":"2024-04-19T16:03:52","date_gmt":"2024-04-19T14:03:52","guid":{"rendered":"https:\/\/sub-thz.ire.pw.edu.pl\/?page_id=2354"},"modified":"2024-10-16T13:20:28","modified_gmt":"2024-10-16T11:20:28","slug":"publications-in-2023-2","status":"publish","type":"page","link":"https:\/\/sub-thz.ire.pw.edu.pl\/?page_id=2354","title":{"rendered":"Publications in 2023"},"content":{"rendered":"<table id=\"tablepress-2023\" class=\"tablepress tablepress-id-2023\">\n<thead>\n<tr class=\"row-1\">\n\t<th class=\"column-1\">Papers published in journals<br \/>\n<\/th><th class=\"column-2\"><center>DOI<\/center><\/th><th class=\"column-3\">PDF<\/th><th class=\"column-4\"><center>IF (2022)<\/center><\/th><th class=\"column-5\"><center>MEN (2023)<\/center><\/th>\n<\/tr>\n<\/thead>\n<tbody class=\"row-striping row-hover\">\n<tr class=\"row-2\">\n\t<td class=\"column-1\"><b>G. Bogdan, J. Sobolewski, P. Bajurko, Y. Yashchyshyn<\/b>, J. Oklej, D. Ostaszewski, \"A Wire-Bonded Patch Antenna for Millimeter Wave Applications\", <i>Electronics<\/i>, vol. 12, no. 3, p. 632, Jan. 2023.<\/td><td class=\"column-2\"><a target=\"_blank\" href=\"https:\/\/doi.org\/10.3390\/electronics12030632\" rel=\"noopener\">10.3390\/electronics12030632 <\/a><\/td><td class=\"column-3\"><a href=\"https:\/\/www.mdpi.com\/2079-9292\/12\/3\/632\/pdf?version=1674812132\" target=\"_blank\" rel=\"noopener noreferrer\"><img loading=\"lazy\" decoding=\"async\" src=\"https:\/\/upload.wikimedia.org\/wikipedia\/commons\/thumb\/1\/11\/Breathe-folder-download.svg\/128px-Breathe-folder-download.svg.png\" width=\"20\" height=\"20\" \/><\/a><\/td><td class=\"column-4\">2.9<\/td><td class=\"column-5\">140<\/td>\n<\/tr>\n<tr class=\"row-3\">\n\t<td class=\"column-1\">H. Ling,  Z. Li, K. Li, R. Zhao, P. Ma, Y. Zhou, J. Li, X. Xu, <b>Y. Yashchyshyn<\/b>, X. Zou, Y. Zhang, \"Terahertz Electromagnetically Induced Transparency with Electric-Field-Coupled Inductor-Capacitor Resonators on LCP Substrate\", <i>Crystals<\/i>, vol. 13, no. 2, p. 632, Jan. 2023.<\/td><td class=\"column-2\"><a target=\"_blank\" href=\"https:\/\/doi.org\/10.3390\/cryst13020283\" rel=\"noopener\">10.3390\/cryst13020283<\/a><\/td><td class=\"column-3\"><a href=\"https:\/\/www.mdpi.com\/2073-4352\/13\/2\/283\/pdf?version=1675778044\" target=\"_blank\" rel=\"noopener noreferrer\"><img loading=\"lazy\" decoding=\"async\" src=\"https:\/\/upload.wikimedia.org\/wikipedia\/commons\/thumb\/1\/11\/Breathe-folder-download.svg\/128px-Breathe-folder-download.svg.png\" width=\"20\" height=\"20\" \/><\/a><\/td><td class=\"column-4\">2.7<\/td><td class=\"column-5\">70<\/td>\n<\/tr>\n<tr class=\"row-4\">\n\t<td class=\"column-1\">C. Wu, Y. Gao, C. Ma, <b>Y. Yashchyshyn<\/b>, \"Anisotropic Permittivity Measurement Using a Strip Air Line System\", <i>IEEE Transactions on Microwave Theory and Techniques<\/i>, vol. 71, no. 9, pp. 3865-3873, Jan. 2023.<\/td><td class=\"column-2\"><a target=\"_blank\" href=\"https:\/\/doi.org\/10.1109\/TMTT.2023.3251562\" rel=\"noopener\">10.1109\/TMTT.2023.3251562<\/a><\/td><td class=\"column-3\"><a href=\"https:\/\/ieeexplore.ieee.org\/stamp\/stamp.jsp?tp=&amp;arnumber=10064466\" target=\"_blank\" rel=\"noopener noreferrer\"><img loading=\"lazy\" decoding=\"async\" src=\"https:\/\/upload.wikimedia.org\/wikipedia\/commons\/thumb\/1\/11\/Breathe-folder-download.svg\/128px-Breathe-folder-download.svg.png\" width=\"20\" height=\"20\" \/><\/a><\/td><td class=\"column-4\">4.3<\/td><td class=\"column-5\">140<br \/>\n<\/td>\n<\/tr>\n<tr class=\"row-5\">\n\t<td class=\"column-1\"><b>P. L. Tokarsky<\/b>, A. A. Konovalenko, J. W. Modelski, \"An Active Ribbon Dipole as an Array Element Prototype for the Lunar Very Low Frequency Radio Telescope\", <i>IEEE Access<\/i>, vol. 11, pp.  75225-75235, 2023.<\/td><td class=\"column-2\"><a target=\"_blank\" href=\"https:\/\/doi.org\/10.1109\/ACCESS.2023.3294694\" rel=\"noopener\">10.1109\/ACCESS.2023.3294694<\/a><\/td><td class=\"column-3\"><a href=\"https:\/\/ieeexplore.ieee.org\/stamp\/stamp.jsp?tp=&amp;arnumber=10180222\" target=\"_blank\" rel=\"noopener noreferrer\"><img loading=\"lazy\" decoding=\"async\" src=\"https:\/\/upload.wikimedia.org\/wikipedia\/commons\/thumb\/1\/11\/Breathe-folder-download.svg\/128px-Breathe-folder-download.svg.png\" width=\"20\" height=\"20\" \/><\/a><\/td><td class=\"column-4\">3.9<\/td><td class=\"column-5\">100<\/td>\n<\/tr>\n<tr class=\"row-6\">\n\t<td class=\"column-1\"><b>P. L. Tokarsky<\/b>, \u201cParameters of a short dipole antenna placed over a two-layer lunar soil,\u201d Journal of Astronomical Instrumentation, vol. 11, no. 4. Paper 2350001, 2023.<\/td><td class=\"column-2\"><a target=\"_blank\" href=\"https:\/\/doi.org\/10.1142\/S2251171723500010\" rel=\"noopener\">10.1142\/S2251171723500010<\/a><\/td><td class=\"column-3\"><\/td><td class=\"column-4\">1.3<\/td><td class=\"column-5\">20<\/td>\n<\/tr>\n<tr class=\"row-7\">\n\t<td class=\"column-1\"><b>P. Bajurko, J. Sobolewski, Y. Yashchyshyn<\/b>, P. Sai, S. Rumyantsev, T. Narytnyk, G. Cywi\u0144ski, \"AlGaN\/GaN Distributed Schottky Barrier Single-Pole Single-Throw Millimeter-Wave Switches,\" <i>IEEE Access<\/i>, vol. 11, pp. 125909-125917, 2023.<\/td><td class=\"column-2\"><a target=\"_blank\" href=\"https:\/\/doi.org\/10.1109\/ACCESS.2023.3331222\" rel=\"noopener\">10.1109\/ACCESS.2023.3331222<\/a><\/td><td class=\"column-3\"><a href=\"https:\/\/ieeexplore.ieee.org\/stamp\/stamp.jsp?tp=&amp;arnumber=10311592\" target=\"_blank\" rel=\"noopener noreferrer\"><img loading=\"lazy\" decoding=\"async\" src=\"https:\/\/upload.wikimedia.org\/wikipedia\/commons\/thumb\/1\/11\/Breathe-folder-download.svg\/128px-Breathe-folder-download.svg.png\" width=\"20\" height=\"20\" \/><\/a><\/td><td class=\"column-4\">3.9<\/td><td class=\"column-5\">100<\/td>\n<\/tr>\n<tr class=\"row-8\">\n\t<td class=\"column-1\">C. Wu, Y. Wang, L. Tu, Y. Zhang, <b>Y. Yashchyshyn<\/b>, \"Permittivity Measurement From 40 to 70 GHz Using a DC FPOR With a Fixed Specimen Holder and an Off-Axial Feed\", <i>IEEE Transactions on Microwave Theory and Techniques<\/i>, 2023<\/td><td class=\"column-2\"><a target=\"_blank\" href=\"https:\/\/doi.org\/10.1109\/TMTT.2023.3337429\" rel=\"noopener\">10.1109\/TMTT.2023.3337429<\/a><\/td><td class=\"column-3\"><a href=\"https:\/\/ieeexplore.ieee.org\/stamp\/stamp.jsp?tp=&amp;arnumber=10347374\" target=\"_blank\" rel=\"noopener noreferrer\"><img loading=\"lazy\" decoding=\"async\" src=\"https:\/\/upload.wikimedia.org\/wikipedia\/commons\/thumb\/1\/11\/Breathe-folder-download.svg\/128px-Breathe-folder-download.svg.png\" width=\"20\" height=\"20\" \/><\/a><\/td><td class=\"column-4\">4.3<\/td><td class=\"column-5\">140<\/td>\n<\/tr>\n<tr class=\"row-9\">\n\t<td class=\"column-1\">O.I. Pavlov, O. Guseva,  <b>Y. Yashchyshyn<\/b> et al., \"Mathematical Modeling of FMCW Radar: Sounding Signal Simulation\", <i>Radioelectronics and Communications Systems<\/i>,, vol. 66, pp. 648\u2013657, 2023<\/td><td class=\"column-2\"><a target=\"_blank\" href=\"https:\/\/doi.org\/10.3103\/S0735272722090011\" rel=\"noopener\">10.3103\/S0735272722090011<\/a><\/td><td class=\"column-3\"><a href=\"https:\/\/link.springer.com\/content\/pdf\/10.3103\/S0735272722090011.pdf\" target=\"_blank\" rel=\"noopener noreferrer\"><img loading=\"lazy\" decoding=\"async\" src=\"https:\/\/upload.wikimedia.org\/wikipedia\/commons\/thumb\/1\/11\/Breathe-folder-download.svg\/128px-Breathe-folder-download.svg.png\" width=\"20\" height=\"20\" \/><\/a><\/td><td class=\"column-4\"><\/td><td class=\"column-5\">20<\/td>\n<\/tr>\n<\/tbody>\n<\/table>\n\n\n<table id=\"tablepress-2023_PMPwTM\" class=\"tablepress tablepress-id-2023_PMPwTM\">\n<thead>\n<tr class=\"row-1\">\n\t<th class=\"column-1\">Papers published in journals<br \/>\n<\/th><th class=\"column-2\"><center>DOI<\/center><\/th><th class=\"column-3\"><center>IF (2022)<\/center><\/th><th class=\"column-4\"><center>MEN (2023)<\/center><\/th>\n<\/tr>\n<\/thead>\n<tbody class=\"row-striping row-hover\">\n<tr class=\"row-2\">\n\t<td class=\"column-1\"><b>Salski Bart\u0142omiej Wac\u0142aw, Pacewicz Adam, Czeka\u0142a Piotr, Kopyt Pawe\u0142<\/b>: Characterization of Low-Loss Liquids With a Double-Concave Fabry\u2013Perot Open Resonator in the 20\u201350-GHz Range, IEEE Transactions on Microwave Theory and Techniques, 2023, s. 1-8<\/td><td class=\"column-2\">DOI:10.1109\/tmtt.2023.3308215\t<\/td><td class=\"column-3\">4,3<\/td><td class=\"column-4\">140<\/td>\n<\/tr>\n<tr class=\"row-3\">\n\t<td class=\"column-1\"><b>Pacewicz Adam, Kopyt Pawe\u0142, Cuper Jerzy, Krysicki Mateusz, Salski Bart\u0142omiej Wac\u0142aw<\/b>: Terahertz dielectric characterisation of fibres in a time-domain spectrometer, Opto-electronics Review, Springer, vol. 31, nr 2, 2023, s. 1-8<\/td><td class=\"column-2\">DOI:10.24425\/opelre.2023.144596\t<\/td><td class=\"column-3\">1,6<\/td><td class=\"column-4\">100<\/td>\n<\/tr>\n<tr class=\"row-4\">\n\t<td class=\"column-1\"><b>Pacewicz Adam, Krupka Jerzy<\/b>, Mikkelsen Jan H., Lynnyk Artem, <b>Salski Bart\u0142omiej Wac\u0142aw<\/b>: Accurate measurements of the ferromagnetic resonance linewidth of single crystal BaM hexaferrite spheres employing magnetic plasmon resonance theory, Journal of Magnetism and Magnetic Materials, Elsevier BV * North-Holland, vol. 580, 2023, Numer artyku\u0142u: 170902, s. 1-8, <\/td><td class=\"column-2\">DOI:10.1016\/j.jmmm.2023.170902<\/td><td class=\"column-3\">2,7<\/td><td class=\"column-4\">100<br \/>\n<\/td>\n<\/tr>\n<\/tbody>\n<\/table>\n\n\n<table id=\"tablepress-konferencje_2023\" class=\"tablepress tablepress-id-konferencje_2023\">\n<thead>\n<tr class=\"row-1\">\n\t<th class=\"column-1\">Papers published in conference proceedings<br \/>\n<\/th><th class=\"column-2\"><center>DOI<\/center><\/th><th class=\"column-3\">PDF<\/th>\n<\/tr>\n<\/thead>\n<tbody class=\"row-striping row-hover\">\n<tr class=\"row-2\">\n\t<td class=\"column-1\"><b>G. Bogdan, Y. Yashchyshyn<\/b>, R. Maneiro-Catoira, L. Castedo, \"Time-Modulated Antenna Array with Beam Steering Based on Single-Pole Double-Throw Switches and Four-State Phase Shifters\",<i> 2023 XXXVth URSI General Assembly and Scientific Symposium (URSI GASS)<\/i>, 2023, pp. 1-4, 19-26 August 2022, Sapporo, Japan.<\/td><td class=\"column-2\"><a target=\"_blank\" href=\"https:\/\/doi.org\/10.23919\/URSIGASS57860.2023.10265617\" rel=\"noopener\">10.23919\/URSIGASS57860.2023.10265617<\/a><\/td><td class=\"column-3\"><a href=\"https:\/\/repo.pw.edu.pl\/docstore\/download\/WUTb557596c8cf144dd912dc97a5acfb40a\/Time-Modulated_Antenna_Array_with_Beam_Steering_Based_on_Single-Pole_Double-Throw_Switches_and_Four-State_Phase_Shifters.pdf\" target=\"_blank\" rel=\"noopener noreferrer\"><img loading=\"lazy\" decoding=\"async\" src=\"https:\/\/upload.wikimedia.org\/wikipedia\/commons\/thumb\/1\/11\/Breathe-folder-download.svg\/128px-Breathe-folder-download.svg.png\" width=\"20\" height=\"20\"><\/a><\/td>\n<\/tr>\n<tr class=\"row-3\">\n\t<td class=\"column-1\">D. Tomaszewski, M. Zaborowski, J. Marczewski and <b>P. Bajurko<\/b>, \"Modeling of THz Detection in JLFETs - A Comparative Study,\" <i>2023 30th International Conference on Mixed Design of Integrated Circuits and System (MIXDES)<\/i>, Krak\u00f3w, Poland, 2023, pp. 37-41.<\/td><td class=\"column-2\"><a target=\"_blank\" href=\"https:\/\/doi.org\/10.23919\/MIXDES58562.2023.10203229\" rel=\"noopener\">10.23919\/MIXDES58562.2023.10203229<\/a><\/td><td class=\"column-3\"><a href=\"https:\/\/ieeexplore.ieee.org\/stamp\/stamp.jsp?tp=&amp;arnumber=10203229\" target=\"_blank\" rel=\"noopener noreferrer\"><img loading=\"lazy\" decoding=\"async\" src=\"https:\/\/upload.wikimedia.org\/wikipedia\/commons\/thumb\/1\/11\/Breathe-folder-download.svg\/128px-Breathe-folder-download.svg.png\" width=\"20\" height=\"20\"><\/a><\/td>\n<\/tr>\n<\/tbody>\n<\/table>","protected":false},"excerpt":{"rendered":"","protected":false},"author":1,"featured_media":0,"parent":108,"menu_order":0,"comment_status":"closed","ping_status":"closed","template":"","meta":{"footnotes":""},"class_list":["post-2354","page","type-page","status-publish","hentry"],"_links":{"self":[{"href":"https:\/\/sub-thz.ire.pw.edu.pl\/index.php?rest_route=\/wp\/v2\/pages\/2354","targetHints":{"allow":["GET"]}}],"collection":[{"href":"https:\/\/sub-thz.ire.pw.edu.pl\/index.php?rest_route=\/wp\/v2\/pages"}],"about":[{"href":"https:\/\/sub-thz.ire.pw.edu.pl\/index.php?rest_route=\/wp\/v2\/types\/page"}],"author":[{"embeddable":true,"href":"https:\/\/sub-thz.ire.pw.edu.pl\/index.php?rest_route=\/wp\/v2\/users\/1"}],"replies":[{"embeddable":true,"href":"https:\/\/sub-thz.ire.pw.edu.pl\/index.php?rest_route=%2Fwp%2Fv2%2Fcomments&post=2354"}],"version-history":[{"count":2,"href":"https:\/\/sub-thz.ire.pw.edu.pl\/index.php?rest_route=\/wp\/v2\/pages\/2354\/revisions"}],"predecessor-version":[{"id":2399,"href":"https:\/\/sub-thz.ire.pw.edu.pl\/index.php?rest_route=\/wp\/v2\/pages\/2354\/revisions\/2399"}],"up":[{"embeddable":true,"href":"https:\/\/sub-thz.ire.pw.edu.pl\/index.php?rest_route=\/wp\/v2\/pages\/108"}],"wp:attachment":[{"href":"https:\/\/sub-thz.ire.pw.edu.pl\/index.php?rest_route=%2Fwp%2Fv2%2Fmedia&parent=2354"}],"curies":[{"name":"wp","href":"https:\/\/api.w.org\/{rel}","templated":true}]}}