{"id":2074,"date":"2022-02-07T12:15:51","date_gmt":"2022-02-07T11:15:51","guid":{"rendered":"https:\/\/sub-thz.ire.pw.edu.pl\/?page_id=2074"},"modified":"2023-11-02T12:42:12","modified_gmt":"2023-11-02T11:42:12","slug":"publications-in-2022","status":"publish","type":"page","link":"https:\/\/sub-thz.ire.pw.edu.pl\/?page_id=2074","title":{"rendered":"Publications in 2022"},"content":{"rendered":"<table id=\"tablepress-2022\" class=\"tablepress tablepress-id-2022\">\n<thead>\n<tr class=\"row-1\">\n\t<th class=\"column-1\">Papers published in journals<br \/>\n<\/th><th class=\"column-2\"><center>DOI<\/center><\/th><th class=\"column-3\">PDF<\/th><th class=\"column-4\"><center>IF (2021)<\/center><\/th><th class=\"column-5\"><center>MEN (2021)<\/center><\/th>\n<\/tr>\n<\/thead>\n<tbody class=\"row-striping row-hover\">\n<tr class=\"row-2\">\n\t<td class=\"column-1\">Z. Barani, K. Stelmaszczyk, F. Kargar, <b>Y. Yashchyshyn<\/b>, G. Cywi\u0144ski, S. Rumyantsev, A. A. Balandin, \"Efficient terahertz radiation absorption by dilute graphene composites\", <i>Applied Physics Letters<\/i>, 120, 063104, 2022.<\/td><td class=\"column-2\"><a target=\"_blank\" href=\"https:\/\/doi.org\/10.1063\/5.0079891\" rel=\"noopener\">10.1063\/5.0079891<\/a><\/td><td class=\"column-3\"><a href=\"https:\/\/aip.scitation.org\/doi\/pdf\/10.1063\/5.0079891\" target=\"_blank\" rel=\"noopener noreferrer\"><img loading=\"lazy\" decoding=\"async\" src=\"https:\/\/upload.wikimedia.org\/wikipedia\/commons\/thumb\/1\/11\/Breathe-folder-download.svg\/128px-Breathe-folder-download.svg.png\" width=\"20\" height=\"20\" \/><\/a><\/td><td class=\"column-4\">3,971<\/td><td class=\"column-5\">100<\/td>\n<\/tr>\n<tr class=\"row-3\">\n\t<td class=\"column-1\"><b>J. Sobolewski, Y. Yashchyshyn<\/b>, \"State of the Art Sub-Terahertz Switching Solutions,\" <i>IEEE Access<\/i>, vol. 10, pp. 12983-12999, 2022.<\/td><td class=\"column-2\"><a target=\"_blank\" href=\"https:\/\/doi.org\/10.1109\/ACCESS.2022.3147019\" rel=\"noopener\">10.1109\/ACCESS.2022.3147019<\/a><\/td><td class=\"column-3\"><a href=\"https:\/\/ieeexplore.ieee.org\/stamp\/stamp.jsp?tp=&amp;arnumber=9694589\" target=\"_blank\" rel=\"noopener noreferrer\"><img loading=\"lazy\" decoding=\"async\" src=\"https:\/\/upload.wikimedia.org\/wikipedia\/commons\/thumb\/1\/11\/Breathe-folder-download.svg\/128px-Breathe-folder-download.svg.png\" width=\"20\" height=\"20\" \/><\/a><\/td><td class=\"column-4\">3,476<\/td><td class=\"column-5\">100<\/td>\n<\/tr>\n<tr class=\"row-4\">\n\t<td class=\"column-1\">Z. Zhou, W. Li, J. Qian, W. Liu, Y. Wang, X. Zhang, Q. Guo, <b>Y. Yashchyshyn<\/b>, Q. Wang, Y. Shi, Y. Zhang, \"Flexible Liquid Crystal Polymer Technologies from Microwave to Terahertz Frequencies\", <i>Molecules<\/i>, vol. 27, no. 4, pp. 1336,  2022.<\/td><td class=\"column-2\"><a target=\"_blank\" href=\"https:\/\/doi.org\/10.3390\/molecules27041336\" rel=\"noopener\">10.3390\/molecules27041336<\/a><\/td><td class=\"column-3\"><a href=\"https:\/\/www.mdpi.com\/1420-3049\/27\/4\/1336\/pdf\" target=\"_blank\" rel=\"noopener noreferrer\"><img loading=\"lazy\" decoding=\"async\" src=\"https:\/\/upload.wikimedia.org\/wikipedia\/commons\/thumb\/1\/11\/Breathe-folder-download.svg\/128px-Breathe-folder-download.svg.png\" width=\"20\" height=\"20\" \/><\/a><\/td><td class=\"column-4\">4,927<\/td><td class=\"column-5\">140<\/td>\n<\/tr>\n<tr class=\"row-5\">\n\t<td class=\"column-1\"><b>M. Soszka<\/b>, \"Fading Channel Prediction for 5G and 6G Mobile Communication Systems\", <i>International Journal of Electronics and Telecommunications<\/i>, vol. 68, no. 1, pp. 153-160, 2022.<\/td><td class=\"column-2\"><a target=\"_blank\" href=\"https:\/\/doi.org\/10.24425\/ijet.2022.139863\" rel=\"noopener\">10.24425\/ijet.2022.139863<\/a><\/td><td class=\"column-3\"><a href=\"http:\/\/ijet.pl\/index.php\/ijet\/article\/view\/10.24425-ijet.2022.139863\/941\" target=\"_blank\" rel=\"noopener noreferrer\"><img loading=\"lazy\" decoding=\"async\" src=\"https:\/\/upload.wikimedia.org\/wikipedia\/commons\/thumb\/1\/11\/Breathe-folder-download.svg\/128px-Breathe-folder-download.svg.png\" width=\"20\" height=\"20\" \/><\/a><\/td><td class=\"column-4\">0,000<\/td><td class=\"column-5\">70<\/td>\n<\/tr>\n<tr class=\"row-6\">\n\t<td class=\"column-1\">N. Andrushchak, D. Vynnyk, M. Melnyk, <b>P. Bajurko<\/b>, <b>J. Sobolewski<\/b>, V. Haiduchok, D. Kushnir, A. Andrushchak, <b>Y. Yashchyshyn<\/b>, \"Impact of Optical Illumination on Transmission of Subterahertz Electromagnetic Waves by Bi<sub>12<\/sub>GeO<sub>20<\/sub> Crystals\", <i>ACTA PHYSICA POLONICA A<\/i>, no. 4, vol. 141 (2022), pp. 415-419.<\/td><td class=\"column-2\"><a target=\"_blank\" href=\"http:\/\/doi.org\/10.12693\/APhysPolA.141.415\" rel=\"noopener\">10.12693\/APhysPolA.141.415<\/a><\/td><td class=\"column-3\"><a href=\"http:\/\/przyrbwn.icm.edu.pl\/APP\/PDF\/141\/app141z4p37.pdf\" target=\"_blank\" rel=\"noopener noreferrer\"><img loading=\"lazy\" decoding=\"async\" src=\"https:\/\/upload.wikimedia.org\/wikipedia\/commons\/thumb\/1\/11\/Breathe-folder-download.svg\/128px-Breathe-folder-download.svg.png\" width=\"20\" height=\"20\" \/><\/a><\/td><td class=\"column-4\">0,725<\/td><td class=\"column-5\">70<\/td>\n<\/tr>\n<tr class=\"row-7\">\n\t<td class=\"column-1\"><b>J. Sobolewski, Y. Yashchyshyn<\/b>, D. Vynnyk, V. Haiduchok, N. Andrushchuk, \"Investigation of Optically Controlled Millimeter Wave Coplanar Waveguide Photoconductive Device\", <i>ACTA PHYSICA POLONICA A<\/i>, no. 4, vol. 141 (2022), pp. 420-425.<\/td><td class=\"column-2\"><a target=\"_blank\" href=\"https:\/\/doi.org\/10.12693\/APhysPolA.141.420\" rel=\"noopener\">10.12693\/APhysPolA.141.420<\/a><\/td><td class=\"column-3\"><a href=\"http:\/\/przyrbwn.icm.edu.pl\/APP\/PDF\/141\/app141z4p38.pdf\" target=\"_blank\" rel=\"noopener noreferrer\"><img loading=\"lazy\" decoding=\"async\" src=\"https:\/\/upload.wikimedia.org\/wikipedia\/commons\/thumb\/1\/11\/Breathe-folder-download.svg\/128px-Breathe-folder-download.svg.png\" width=\"20\" height=\"20\" \/><\/a><\/td><td class=\"column-4\">0,725<\/td><td class=\"column-5\">70<\/td>\n<\/tr>\n<tr class=\"row-8\">\n\t<td class=\"column-1\"><b>P. Bajurko, J. Sobolewski, G. Bogdan, K. Godziszewski<\/b>, J. Marczewski, J. Kulawik, M. Widlok, and <b>Y. Yashchyshyn<\/b>, \"Millimeter-Wave Transmitter with LTCC Antenna and Silicon Lens\", <i>International Journal of Electronics and Telecommunications<\/i>, vol. 68, no. 2, pp. 267-273, 2022.<\/td><td class=\"column-2\"><a target=\"_blank\" href=\"https:\/\/doi.org\/10.24425\/ijet.2022.139877\" rel=\"noopener\">10.24425\/ijet.2022.139877<\/a><\/td><td class=\"column-3\"><a href=\"https:\/\/journals.pan.pl\/Content\/123376\/PDF\/37-3616-Bajurko-sk-b-new.pdf?handler=pdf\" target=\"_blank\" rel=\"noopener noreferrer\"><img loading=\"lazy\" decoding=\"async\" src=\"https:\/\/upload.wikimedia.org\/wikipedia\/commons\/thumb\/1\/11\/Breathe-folder-download.svg\/128px-Breathe-folder-download.svg.png\" width=\"20\" height=\"20\" \/><\/a><\/td><td class=\"column-4\">0,000<\/td><td class=\"column-5\">70<\/td>\n<\/tr>\n<tr class=\"row-9\">\n\t<td class=\"column-1\">J. Marczewski, D. Tomaszewski, M. Zaborowski and <b>P. Bajurko<\/b>, \"Thermoemission-based Model of THz Detection and Its Validation - JLFET Case Studies,\" <i>IEEE Transactions on Terahertz Science and Technology<\/i>, vol. 12, no. 6, pp. 633-647, Nov. 2022.<\/td><td class=\"column-2\"><a target=\"_blank\" href=\"https:\/\/doi.org\/10.1109\/TTHZ.2022.3191836\" rel=\"noopener\">10.1109\/TTHZ.2022.3191836<\/a><\/td><td class=\"column-3\"><a href=\"https:\/\/ieeexplore.ieee.org\/stamp\/stamp.jsp?tp=&amp;arnumber=9832786\" target=\"_blank\" rel=\"noopener noreferrer\"><img loading=\"lazy\" decoding=\"async\" src=\"https:\/\/upload.wikimedia.org\/wikipedia\/commons\/thumb\/1\/11\/Breathe-folder-download.svg\/128px-Breathe-folder-download.svg.png\" width=\"20\" height=\"20\" \/><\/a><\/td><td class=\"column-4\">3,468<\/td><td class=\"column-5\">100<\/td>\n<\/tr>\n<tr class=\"row-10\">\n\t<td class=\"column-1\">M. Wang, B. Zhang, Z. Li, Y. Wang, Q. Guo, W. Liu, <b>Y. Yashchyshyn<\/b>, A. Song, Y. Zhang, \"Frequency Division Multiplexer With Directional Filters in Multilayer LCP Films at E- and W-Band\", <i>IEEE Microwave and Wireless Components Letters<\/i>, vol. 32, no. 11, pp. 1287-1290, Nov. 2022.<\/td><td class=\"column-2\"><a target=\"_blank\" href=\"https:\/\/doi.org\/10.1109\/LMWC.2022.3177606\" rel=\"noopener\">10.1109\/LMWC.2022.3177606<\/a><\/td><td class=\"column-3\"><a href=\"https:\/\/ieeexplore.ieee.org\/stamp\/stamp.jsp?tp=&amp;arnumber=9788488\" target=\"_blank\" rel=\"noopener noreferrer\"><img loading=\"lazy\" decoding=\"async\" src=\"https:\/\/upload.wikimedia.org\/wikipedia\/commons\/thumb\/1\/11\/Breathe-folder-download.svg\/128px-Breathe-folder-download.svg.png\" width=\"20\" height=\"20\" \/><\/a><\/td><td class=\"column-4\">2,719<\/td><td class=\"column-5\">100<\/td>\n<\/tr>\n<tr class=\"row-11\">\n\t<td class=\"column-1\">A. Piwowar, <b>P. Bajurko<\/b>, \"Electromagnetic field distribution in a system of a diagonal horn antenna with a lens\", <i>Przegl\u0105d Telekomunikacyjny i Wiadomo\u015bci Telekomunikacyjne<\/i> no. 4\/2022, pp. 347-350.<\/td><td class=\"column-2\"><a target=\"_blank\" href=\"https:\/\/doi.org\/10.15199\/59.2022.4.55\" rel=\"noopener\">10.15199\/59.2022.4.55<\/a><\/td><td class=\"column-3\"><\/td><td class=\"column-4\">0,000<\/td><td class=\"column-5\">20<\/td>\n<\/tr>\n<tr class=\"row-12\">\n\t<td class=\"column-1\">M. Wrzesi\u0144ski, <b>P. Bajurko<\/b>, \"Application of calibration methods in full-wave electromagnetic simulation of planar circuits at subterahertz frequencies\", <i>Przegl\u0105d Telekomunikacyjny i Wiadomo\u015bci Telekomunikacyjne<\/i> no. 4\/2022, pp. 544-547.<\/td><td class=\"column-2\"><a target=\"_blank\" href=\"https:\/\/doi.org\/10.15199\/59.2022.4.100\" rel=\"noopener\">10.15199\/59.2022.4.100<\/a><\/td><td class=\"column-3\"><\/td><td class=\"column-4\">0,000<\/td><td class=\"column-5\">20<\/td>\n<\/tr>\n<tr class=\"row-13\">\n\t<td class=\"column-1\">K. Zeranska, K. Filak, K. Wilczy\u0144ski, A. Siemion, N. Palka, <b>K. Godziszewski<\/b>, <b>Y. Yashchyshyn<\/b>, and M. Zdrojek, \"Graphene-Based Thermoplastic Composites as Extremely Broadband and Frequency-Dependent EMI Absorbers for Multifunctional Applications,\" <i>ACS Applied Electronic Materials<\/i>, vol. 4, no. 9, pp. 4463-4470, 2022.<\/td><td class=\"column-2\"><a target=\"_blank\" href=\"https:\/\/doi.org\/10.1021\/acsaelm.2c00722\" rel=\"noopener\">10.1021\/acsaelm.2c00722<\/a><\/td><td class=\"column-3\"><a href=\"https:\/\/pubs.acs.org\/doi\/epdf\/10.1021\/acsaelm.2c00722\" target=\"_blank\" rel=\"noopener noreferrer\"><img loading=\"lazy\" decoding=\"async\" src=\"https:\/\/upload.wikimedia.org\/wikipedia\/commons\/thumb\/1\/11\/Breathe-folder-download.svg\/128px-Breathe-folder-download.svg.png\" width=\"20\" height=\"20\" \/><\/a><\/td><td class=\"column-4\">4,700<\/td><td class=\"column-5\">20<\/td>\n<\/tr>\n<\/tbody>\n<\/table>\n\n\n<table id=\"tablepress-2022_PMPwTM\" class=\"tablepress tablepress-id-2022_PMPwTM\">\n<thead>\n<tr class=\"row-1\">\n\t<th class=\"column-1\">Papers published in journals<br \/>\n<\/th><th class=\"column-2\"><center>DOI<\/center><\/th><th class=\"column-3\"><center>IF (2022)<\/center><\/th><th class=\"column-4\"><center>MEN (2023)<\/center><\/th>\n<\/tr>\n<\/thead>\n<tbody class=\"row-striping row-hover\">\n<tr class=\"row-2\">\n\t<td class=\"column-1\"><b>Salski Bart\u0142omiej Wac\u0142aw, Karpisz Tomasz, <\/b>Warecka M., Kowalczyk P.,<b> Czeka\u0142a Piotr, Kopyt Pawe\u0142<\/b>: Microwave Characterization of Dielectric Sheets in a Plano-Concave Fabry-Perot Open Resonator, IEEE Transactions on Microwave Theory and Techniques, vol. 70, nr 2208, 2022, Numer artyku\u0142u: 21705939, s. 2732-2742<\/td><td class=\"column-2\"><a target=\"_blank\" href=\"https:\/\/doi.org\/10.1109\/TMTT.2022.3152511\" rel=\"noopener\">10.1109\/TMTT.2022.3152511<\/a><\/td><td class=\"column-3\">4,3<\/td><td class=\"column-4\">140<\/td>\n<\/tr>\n<tr class=\"row-3\">\n\t<td class=\"column-1\"><b>Kopyt Pawe\u0142, Salski Bart\u0142omiej Wac\u0142aw,<\/b> Krupka Jerzy: Measurements of the Complex Anisotropic Permittivity of Laminates with TM0n0 Cavity, IEEE Transactions on Microwave Theory and Techniques, vol. 70, nr 1, 2022, Numer artyku\u0142u: 9419775, s. 432-443<\/td><td class=\"column-2\"><a target=\"_blank\" href=\"https:\/\/doi.org\/10.1109\/TMTT.2021.3073426\" rel=\"noopener\">10.1109\/TMTT.2021.3073426<\/a><\/td><td class=\"column-3\">4,3<\/td><td class=\"column-4\">140<\/td>\n<\/tr>\n<tr class=\"row-4\">\n\t<td class=\"column-1\">Nabia\u0142ek A., Chumak O., Lynnyk Artem, Domagala Jaros\u0142aw Z., <b>Pacewicz Adam, Salski Bart\u0142omiej Wac\u0142aw<\/b>, Krupka Jerzy, Yamamoto T., Seki T., Takanashi K.: Anisotropy of magnetoelastic properties in epitaxial Co2FexMn1\u2212xSi Heusler alloy thin films, Physical Review B, American Physical Society, vol. 106, nr 5, 2022, Numer artyku\u0142u: 054406, s. 1-11<\/td><td class=\"column-2\"><a target=\"_blank\" href=\"https:\/\/doi.org\/10.1103\/physrevb.106.054406\" rel=\"noopener\">10.1103\/physrevb.106.054406<\/a><\/td><td class=\"column-3\">3,7<\/td><td class=\"column-4\">140<\/td>\n<\/tr>\n<tr class=\"row-5\">\n\t<td class=\"column-1\"><b>Pacewicz Adam, Salski Bart\u0142omiej Wac\u0142aw<\/b>, Krupka Jerzy, <b>Kopyt Pawe\u0142<\/b>, Nabialek Adam, Chumak O.: Electromagnetic Characterization of Shielded Spherical Gyromagnetic Resonators, IEEE Transactions on Microwave Theory and Techniques, vol. 70, nr 2, 2022, s. 1016-1025<\/td><td class=\"column-2\"><a target=\"_blank\" href=\"https:\/\/doi.org\/10.1109\/tmtt.2021.3131977\" rel=\"noopener\">10.1109\/tmtt.2021.3131977<\/a><\/td><td class=\"column-3\">4,3<\/td><td class=\"column-4\">140<\/td>\n<\/tr>\n<tr class=\"row-6\">\n\t<td class=\"column-1\"><b>Karpisz Tomasz, Salski Bart\u0142omiej Wac\u0142aw, Kopyt Pawe\u0142<\/b>, Wojciechowski Marcin: Measurement of uniaxially anisotropic dielectrics with a Fabry-Perot open resonator in the 20-50 GHz range, IEEE Microwave and Wireless Components Letters, vol. 32, nr 5, 2022, s. 441-443<\/td><td class=\"column-2\"><a target=\"_blank\" href=\"https:\/\/doi.org\/10.1109\/lmwc.2022.3155938\" rel=\"noopener\">10.1109\/lmwc.2022.3155938<\/a><\/td><td class=\"column-3\">3,0<\/td><td class=\"column-4\">20<\/td>\n<\/tr>\n<tr class=\"row-7\">\n\t<td class=\"column-1\">Warecka Ma\u0142gorzata, Fotyga Grzegorz, Kowalczyk Piotr, Lech Rafa\u0142, Mrozowski Micha\u0142, <b>Pacewicz Adam, Salski Bart\u0142omiej Wac\u0142aw<\/b>, Krupka Jerzy: Modal FEM analysis of ferrite resonant structures, IEEE Microwave and Wireless Components Letters, vol. 32, nr 7, 2022, s. 819-822<\/td><td class=\"column-2\"><a target=\"_blank\" href=\"https:\/\/doi.org\/10.1109\/LMWC.2022.3154532\" rel=\"noopener\">10.1109\/LMWC.2022.3154532<\/a><\/td><td class=\"column-3\">3,0<\/td><td class=\"column-4\">20<\/td>\n<\/tr>\n<tr class=\"row-8\">\n\t<td class=\"column-1\">Krupka Jerzy, <b>Salski Bart\u0142omiej Wac\u0142aw, Karpisz Tomasz, Kopyt Pawe\u0142<\/b>, Jensen Leif, Wojciechowski Marcin: Irradiated Silicon for Microwave and Millimeter Wave Applications, IEEE Microwave and Wireless Components Letters, vol. 32, nr 6, 2022, s. 700-703<\/td><td class=\"column-2\"><a target=\"_blank\" href=\"https:\/\/doi.org\/10.1109\/LMWC.2022.3161393\" rel=\"noopener\">10.1109\/LMWC.2022.3161393<\/a><\/td><td class=\"column-3\">3,0<\/td><td class=\"column-4\">20<\/td>\n<\/tr>\n<tr class=\"row-9\">\n\t<td class=\"column-1\"><b>Salski Bart\u0142omiej Wac\u0142aw, Czeka\u0142a Piotr<\/b>, Krupka Jerzy, <b>Kopyt Pawe\u0142<\/b>: A Microwave Sensor of Moisture Content and Salinity of Soil, IEEE Sensors Journal, vol. 22, nr 3, 2022, Numer artyku\u0142u: 21589206, s. 2135-2141<\/td><td class=\"column-2\"><a target=\"_blank\" href=\"https:\/\/doi.org\/10.1109\/JSEN.2021.3137370\" rel=\"noopener\">10.1109\/JSEN.2021.3137370<\/a><\/td><td class=\"column-3\">4,3<\/td><td class=\"column-4\">100<\/td>\n<\/tr>\n<tr class=\"row-10\">\n\t<td class=\"column-1\">Krupka Jerzy, <b>Salski Bart\u0142omiej Wac\u0142aw, Pacewicz Adam, Kopyt Pawe\u0142<\/b>: Mode spectra of magnetic and dielectric plasmon spheres obtained from Mie scattering and free oscillation theories, European Physical Journal B, vol. 95, nr 1, 2022, s. 1-7<\/td><td class=\"column-2\"><a target=\"_blank\" href=\"https:\/\/doi.org\/10.1109\/JSEN.2021.3137370\" rel=\"noopener\">10.1140\/epjb\/s10051-021-00257-x<\/a><\/td><td class=\"column-3\">1,6<\/td><td class=\"column-4\">40<\/td>\n<\/tr>\n<\/tbody>\n<\/table>\n\n\n<table id=\"tablepress-konferencje_2022\" class=\"tablepress tablepress-id-konferencje_2022\">\n<thead>\n<tr class=\"row-1\">\n\t<th class=\"column-1\">Papers published in conference proceedings<br \/>\n<\/th><th class=\"column-2\"><center>DOI<\/center><\/th>\n<\/tr>\n<\/thead>\n<tbody class=\"row-striping row-hover\">\n<tr class=\"row-2\">\n\t<td class=\"column-1\"><b>G. Bogdan, J. Sobolewski, Y. Yashchyshyn<\/b>, \"Enhancement of Patch Antenna Gain by Means of Wire Bond Radiation Effect in W Band,\" <i>2022 24th International Microwave and Radar Conference (MIKON)<\/i>, 2022, pp. 1-2, 12-14 September 2022, Gdansk, Poland<\/td><td class=\"column-2\"><a target=\"_blank\" href=\"https:\/\/doi.org\/10.23919\/MIKON54314.2022.9924961\" rel=\"noopener\">10.23919\/MIKON54314.2022.9924961<\/a><\/td>\n<\/tr>\n<tr class=\"row-3\">\n\t<td class=\"column-1\"><b>Y. Yashchyshyn, P. Bajurko, J. Sobolewski<\/b>, P. Sai, S. Rumyantsev, G. Cywi\u0144ski, \"AlGaN\/GaN Schottky Barrier Single-Pole Single-Throw RF Switch,\" <i>2022 24th International Microwave and Radar Conference (MIKON)<\/i>, 2022, pp. 1-3.<\/td><td class=\"column-2\"><a target=\"_blank\" href=\"https:\/\/doi.org\/10.23919\/MIKON54314.2022.9925012\" rel=\"noopener\">10.23919\/MIKON54314.2022.9925012<\/a><\/td>\n<\/tr>\n<tr class=\"row-4\">\n\t<td class=\"column-1\"><b>P. Bajurko<\/b>, J. Marczewski, M. Zaborowski, P. Zagrajek, <b>J. Sobolewski, Y. Yashchyshyn<\/b>, T. Skotnicki, \"Terahertz Detector Based on T-Channel JLFET with Improved Antenna Coupling Circuit,\" <i>2022 24th International Microwave and Radar Conference (MIKON)<\/i>, 2022, pp. 1-2.<\/td><td class=\"column-2\"><a target=\"_blank\" href=\"https:\/\/doi.org\/10.23919\/MIKON54314.2022.9924744\" rel=\"noopener\">10.23919\/MIKON54314.2022.9924744<\/a><\/td>\n<\/tr>\n<tr class=\"row-5\">\n\t<td class=\"column-1\">T. N. Tran, <b>G. Bogdan<\/b>, \"Modulation and Pulse Shaping Filter Classification of Raw Baseband Samples Based on Convolutional Neural Network,\" <i>2022 24th International Microwave and Radar Conference (MIKON)<\/i>, 2022, pp. 1-4.<\/td><td class=\"column-2\"><a target=\"_blank\" href=\"https:\/\/doi.org\/10.23919\/MIKON54314.2022.9924836\" rel=\"noopener\">10.23919\/MIKON54314.2022.9924836<\/a><\/td>\n<\/tr>\n<tr class=\"row-6\">\n\t<td class=\"column-1\">D. Tomaszewski, M. Zaborowski, J. Marczewski, K. Kucharski and <b>P. Bajurko<\/b>, \"Field-Effect Transistors as THz radiation detectors,\" <i>2022 IEEE Latin American Electron Devices Conference (LAEDC)<\/i>, 2022, pp. 1-5.<\/td><td class=\"column-2\"><a target=\"_blank\" href=\"https:\/\/doi.org\/10.1109\/LAEDC54796.2022.9908179\" rel=\"noopener\">10.1109\/LAEDC54796.2022.9908179<\/a><\/td>\n<\/tr>\n<tr class=\"row-7\">\n\t<td class=\"column-1\"><b>P. Tokarsky<\/b>, \u201cPower parameters of a dipole antenna placed over a two-layer dielectric medium,\u201d in Proc. 2022 IEEE 2nd Ukrainian Microwave Week (UkrMW-2022), Nov. 14 \u2013 18, 2022, Ukraine<\/td><td class=\"column-2\"><a target=\"_blank\" href=\"https:\/\/doi.org\/10.1109\/UkrMW58013.2022.10036958\" rel=\"noopener\">10.1109\/UkrMW58013.2022.10036958<\/a><\/td>\n<\/tr>\n<\/tbody>\n<\/table>","protected":false},"excerpt":{"rendered":"","protected":false},"author":1,"featured_media":0,"parent":108,"menu_order":0,"comment_status":"closed","ping_status":"closed","template":"","meta":{"footnotes":""},"class_list":["post-2074","page","type-page","status-publish","hentry"],"_links":{"self":[{"href":"https:\/\/sub-thz.ire.pw.edu.pl\/index.php?rest_route=\/wp\/v2\/pages\/2074","targetHints":{"allow":["GET"]}}],"collection":[{"href":"https:\/\/sub-thz.ire.pw.edu.pl\/index.php?rest_route=\/wp\/v2\/pages"}],"about":[{"href":"https:\/\/sub-thz.ire.pw.edu.pl\/index.php?rest_route=\/wp\/v2\/types\/page"}],"author":[{"embeddable":true,"href":"https:\/\/sub-thz.ire.pw.edu.pl\/index.php?rest_route=\/wp\/v2\/users\/1"}],"replies":[{"embeddable":true,"href":"https:\/\/sub-thz.ire.pw.edu.pl\/index.php?rest_route=%2Fwp%2Fv2%2Fcomments&post=2074"}],"version-history":[{"count":10,"href":"https:\/\/sub-thz.ire.pw.edu.pl\/index.php?rest_route=\/wp\/v2\/pages\/2074\/revisions"}],"predecessor-version":[{"id":2283,"href":"https:\/\/sub-thz.ire.pw.edu.pl\/index.php?rest_route=\/wp\/v2\/pages\/2074\/revisions\/2283"}],"up":[{"embeddable":true,"href":"https:\/\/sub-thz.ire.pw.edu.pl\/index.php?rest_route=\/wp\/v2\/pages\/108"}],"wp:attachment":[{"href":"https:\/\/sub-thz.ire.pw.edu.pl\/index.php?rest_route=%2Fwp%2Fv2%2Fmedia&parent=2074"}],"curies":[{"name":"wp","href":"https:\/\/api.w.org\/{rel}","templated":true}]}}