{"id":1841,"date":"2021-01-31T19:31:21","date_gmt":"2021-01-31T18:31:21","guid":{"rendered":"https:\/\/sub-thz.ire.pw.edu.pl\/?page_id=1841"},"modified":"2023-01-04T16:41:08","modified_gmt":"2023-01-04T15:41:08","slug":"publikacje-2021","status":"publish","type":"page","link":"https:\/\/sub-thz.ire.pw.edu.pl\/?page_id=1841","title":{"rendered":"Publications in 2021"},"content":{"rendered":"<h5>Papers published in journals from the <a href=\"http:\/\/www.bip.nauka.gov.pl\/inne2\/komunikat-ministra-nauki-i-szkolnictwa-wyzszego-z-dnia-18-grudnia-2019-r-w-sprawie-wykazu-czasopism-naukowych-i-recenzowanych-materialow-z-konferencji-miedzynarodowych.html\" target=\"_blank\" rel=\"noopener noreferrer\">the list of Ministry of Science and Higher Education (Poland)<\/a><\/h5>\n<ol>\n<li>K. Derzakowski &#8220;Application of Radial Mode Matching Method to Determine the Resonant Frequency of a Cone Shaped Dielectric Resonator&#8221;, <em>IEEE Access<\/em> <strong>2021<\/strong>, vol. 9, s.156239-156245.<br \/>\n<a href=\"https:\/\/doi.org\/10.1109\/ACCESS.2021.3128144\">https:\/\/doi.org\/10.1109\/ACCESS.2021.3128144<\/a><\/li>\n<li>Y. Yashchyshyn, P. Bajurko, J. Sobolewski, P. Sai, A. Przew\u0142oka, A. Krajewska, P. Prystawko, M. Dub, W. Knap, S. Rumyantsev, G. Cywi\u0144ski, &#8220;Graphene\/AlGaN\/GaN RF Switch&#8221;, <em>Micromachines<\/em> <strong>2021<\/strong>, vol. 12, no. 11, 1343.<br \/>\n<a href=\"https:\/\/doi.org\/10.3390\/mi12111343\">https:\/\/doi.org\/10.3390\/mi12111343<\/a><\/li>\n<li><span class=\"author\">Z. Barani<\/span>, F. <span class=\"author\">Kargar, Y.<\/span>\u00a0<span class=\"author\">Ghafouri,<\/span> S. <span class=\"author\">Ghosh<\/span>, K. <span class=\"author\">Godziszewski<\/span>, S. <span class=\"author\">Baraghani, Y.<\/span>\u00a0<span class=\"author\">Yashchyshyn<\/span>, G. <span class=\"author\">Cywi\u0144ski<\/span>, S. <span class=\"author\">Rumyantsev, T. T.<\/span>\u00a0<span class=\"author\">Salguero, A. A.<\/span>\u00a0<span class=\"author\">Balandin<\/span>, &#8220;<span class=\"articleTitle\">Electrically Insulating Flexible Films with Quasi\u20101D van der Waals Fillers as Efficient Electromagnetic Shields in the GHz and Sub\u2010THz Frequency Bands&#8221;,<\/span>\u00a0<i>Advanced Materials,<\/i> p. 2007286, <span class=\"pubYear\">2021<\/span><br \/>\n<a class=\"linkBehavior\" href=\"https:\/\/doi.org\/10.1002\/adma.202007286\" target=\"_blank\" rel=\"noopener\">DOI: 10.1002\/adma.202007286<\/a>, <a href=\"https:\/\/onlinelibrary.wiley.com\/doi\/epdf\/10.1002\/adma.202007286\" target=\"_blank\" rel=\"noopener noreferrer\">download PDF <img loading=\"lazy\" decoding=\"async\" class=\"alignnone \" src=\"https:\/\/upload.wikimedia.org\/wikipedia\/commons\/thumb\/1\/11\/Breathe-folder-download.svg\/128px-Breathe-folder-download.svg.png\" width=\"20\" height=\"20\" \/><\/a><\/li>\n<li>Y. Yashchyshyn, D. Vynnyk, V. Haiduchok, I. Solskii, C. Wu, G. Bogdan, and J. Modelski, \u201cA Tunable and Electrically Small Antenna for Compact GNSS Receivers\u201d, <em>Remote Sensing<\/em>, vol. 13, no. 3, p. 485, Jan., 2021<br \/>\n<a href=\"https:\/\/doi.org\/10.3390\/rs13030485\" target=\"_blank\" rel=\"noopener\">DOI: 10.3390\/rs13030485<\/a>, <a href=\"https:\/\/www.mdpi.com\/2072-4292\/13\/3\/485\/pdf\" target=\"_blank\" rel=\"noopener noreferrer\">download PDF <img loading=\"lazy\" decoding=\"async\" class=\"alignnone \" src=\"https:\/\/upload.wikimedia.org\/wikipedia\/commons\/thumb\/1\/11\/Breathe-folder-download.svg\/128px-Breathe-folder-download.svg.png\" width=\"20\" height=\"20\" \/><\/a><\/li>\n<li>K. Derzakowski, &#8220;Full Wave Analysis of Multilayered Cylindrical Resonator Containing Uniaxial Anisotropic Media,&#8221; <i>Progress In Electromagnetics Research M<\/i>, vol. 101, pp. 101-115, 2021<br \/>\n<a class=\"linkBehavior\" href=\"http:\/\/dx.doi.org\/10.2528\/PIERM20120804\" target=\"_blank\" rel=\"noopener\">DOI: 10.2528\/PIERM20120804<\/a><\/li>\n<li>Y. Yashchyshyn, K. Derzakowski, C. Wu and G. Cywi\u0144ski, &#8220;W-Band Sensor for Complex Permittivity Measurements of Rod Shaped Samples,&#8221; <em>IEEE Access<\/em>, vol. 9, pp. 111125-111131, 2021<br \/>\n<a class=\"linkBehavior\" href=\"http:\/\/dx.doi.org\/10.1109\/ACCESS.2021.3103243\" target=\"_blank\" rel=\"noopener\">DOI: 10.1109\/ACCESS.2021.3103243<\/a>, <a href=\"https:\/\/ieeexplore.ieee.org\/stamp\/stamp.jsp?tp=&amp;arnumber=9508970\" target=\"_blank\" rel=\"noopener noreferrer\">download PDF <img loading=\"lazy\" decoding=\"async\" class=\"alignnone \" src=\"https:\/\/upload.wikimedia.org\/wikipedia\/commons\/thumb\/1\/11\/Breathe-folder-download.svg\/128px-Breathe-folder-download.svg.png\" width=\"20\" height=\"20\" \/><\/a><\/li>\n<li>B. Salski, P. Czekala, J. Cuper, P. Kopyt, H. Jeon and W. Yang, \u201cElectromagnetic modeling of radiowave propagation and scattering from targets in the atmosphere with a ray tracing technique,\u201d IEEE Transactions on Antennas and Propagation, vol. 69, no. 3, pp. 1588-1595, 2021.<\/li>\n<li>O. M. Chumak, A. Pacewicz, A. Lynnyk, B. Salski, T. Yamamoto, T. Seki, J. Z. Domagala, H. G\u0142owi\u0144ski, K. Takanashi, L.T. Baczewski, H. Szymczak, and A. Nabia\u0142ek, \u201cMagnetoelastic interactions and magnetic damping in Co2Fe0.4Mn0.6Si and Co2FeGa0.5Ge0.5 Heusler alloys thin films for spintronic applications,\u201d Nature Scientific Reports, vol. 11, 2021.<\/li>\n<li><span class=\"athrs\"><span class=\"native author-item \">Kopyt Pawe\u0142,\u00a0<\/span><span class=\"native author-item \">Salski Bart\u0142omiej Wac\u0142aw,\u00a0<\/span><span class=\"native author-item \">Krupka Jerzy:\u00a0<\/span><\/span>Measurements of the Complex Anisotropic Permittivity of Laminates with TM0n0 Cavity, IEEE Transactions on Microwave Theory and Techniques, 2021, s.\u00a01-11, 140 punkt\u00f3w,\u00a0IF(3,413)<\/li>\n<li><span class=\"athrs\"><span class=\"native author-item \">Krupka Jerzy,\u00a0<\/span><span class=\"native author-item \">Pacewicz Adam,\u00a0<\/span><span class=\"native author-item \">Salski Bart\u0142omiej Wac\u0142aw,\u00a0<\/span><span class=\"native author-item \">Kopyt Pawe\u0142,\u00a0<\/span><span class=\"alien author-item \">Bourhill J.,\u00a0<\/span><span class=\"alien author-item \">Goryachev Maxim,\u00a0<\/span><span class=\"alien author-item \">Tobar Michael E.:\u00a0<\/span><\/span>Resonances in large ferrimagnetic YIG samples \u2013 Electrodynamic analysis, Journal of Magnetism and Magnetic Materials, Elsevier BV * North-Holland, vol. 521, nr Part 1, 2021, s. 1-8, DOI:10.1016\/j.jmmm.2020.167536 , 100 punkt\u00f3w, IF(2,717)<\/li>\n<li>\u00a0J. Krupka <em>et al.<\/em>, \u201cResonances in large ferrimagnetic YIG samples \u2013 Electrodynamic analysis,\u201d <em>J. Magn. Magn. Mater.<\/em>, vol. 521, p. 167536, Mar. 2021.<\/li>\n<li>O. M. Chumak <em>et al.<\/em>, \u201cMagnetoelastic interactions and magnetic damping in Co2Fe0.4Mn0.6Si and Co2FeGa0.5Ge0.5 Heusler alloys thin films for spintronic applications,\u201d <em>Sci. Rep.<\/em>, vol. 11, no. 1, p. 7608, Dec. 2021.<\/li>\n<\/ol>\n<h5>Papers published in conference proceedings<br \/>\n<\/h5>\n<ol>\n<li>M. Kucharski, M. Widlok, P. Bajurko and R. Piesiewicz, &#8220;A W-band SiGe BiCMOS I\/Q Receiver with Tunable Conversion Gain for Radar Applications,&#8221; <em>2021 28th International Conference on Mixed Design of Integrated Circuits and System<\/em>, 2021, pp. 81-84, doi: <a href=\"https:\/\/doi.org\/10.23919\/MIXDES52406.2021.9497528\">10.23919\/MIXDES52406.2021.9497528<\/a>.<\/li>\n<li>G. Bogdan, Y. Yashchyshyn, &#8220;Study of Bondwire Interconnect for Antenna Applications in W-Band&#8221;, <em>IEEE International Symposium on Antennas and Propagation and USNC-URSI Radio Science Meeting (APS\/URSI)<\/em>, pp. 1994-1995, 4-10 Dec. 2021, Marina Bay Sands, Singaporess. 1994-1995, 4-10 grudnia 2021,\u00a0Singapur\nDOI: <a href=\"https:\/\/doi.org\/10.1109\/APS\/URSI47566.2021.9704330\" target=\"_blank\" rel=\"noopener\">10.1109\/APS\/URSI47566.2021.9704330<\/a><\/li>\n<li>N. Andrushchak, V. Adamiv, V. Haiduchok, I. Teslyuk, Y. Yashchyshyn and A. Andrushchak, &#8220;Transmission Spectra Investigation of Nanoporous Al2O3 Matrices Filled with KDP, ADP and TGS Crystals at Visible, NIR, and SubTerahertz Ranges,&#8221; 2021 IEEE 11th International Conference Nanomaterials: Applications &amp; Properties (NAP), 2021, pp. 1-5<br \/>\nDOI: <a href=\"https:\/\/doi.org\/10.1109\/NAP51885.2021.9568558\" target=\"_blank\" rel=\"noopener\">10.1109\/NAP51885.2021.9568558<\/a><\/li>\n<\/ol>","protected":false},"excerpt":{"rendered":"<p>Papers published in journals from the the list of Ministry of Science and Higher Education (Poland) K. Derzakowski &#8220;Application of Radial Mode Matching Method to Determine the Resonant Frequency of a Cone<a class=\"moretag\" href=\"https:\/\/sub-thz.ire.pw.edu.pl\/?page_id=1841\">Read More&#8230;<\/a><\/p>\n","protected":false},"author":1,"featured_media":0,"parent":108,"menu_order":0,"comment_status":"closed","ping_status":"closed","template":"","meta":{"footnotes":""},"class_list":["post-1841","page","type-page","status-publish","hentry"],"_links":{"self":[{"href":"https:\/\/sub-thz.ire.pw.edu.pl\/index.php?rest_route=\/wp\/v2\/pages\/1841","targetHints":{"allow":["GET"]}}],"collection":[{"href":"https:\/\/sub-thz.ire.pw.edu.pl\/index.php?rest_route=\/wp\/v2\/pages"}],"about":[{"href":"https:\/\/sub-thz.ire.pw.edu.pl\/index.php?rest_route=\/wp\/v2\/types\/page"}],"author":[{"embeddable":true,"href":"https:\/\/sub-thz.ire.pw.edu.pl\/index.php?rest_route=\/wp\/v2\/users\/1"}],"replies":[{"embeddable":true,"href":"https:\/\/sub-thz.ire.pw.edu.pl\/index.php?rest_route=%2Fwp%2Fv2%2Fcomments&post=1841"}],"version-history":[{"count":26,"href":"https:\/\/sub-thz.ire.pw.edu.pl\/index.php?rest_route=\/wp\/v2\/pages\/1841\/revisions"}],"predecessor-version":[{"id":2208,"href":"https:\/\/sub-thz.ire.pw.edu.pl\/index.php?rest_route=\/wp\/v2\/pages\/1841\/revisions\/2208"}],"up":[{"embeddable":true,"href":"https:\/\/sub-thz.ire.pw.edu.pl\/index.php?rest_route=\/wp\/v2\/pages\/108"}],"wp:attachment":[{"href":"https:\/\/sub-thz.ire.pw.edu.pl\/index.php?rest_route=%2Fwp%2Fv2%2Fmedia&parent=1841"}],"curies":[{"name":"wp","href":"https:\/\/api.w.org\/{rel}","templated":true}]}}