{"id":1238,"date":"2020-02-27T08:12:27","date_gmt":"2020-02-27T07:12:27","guid":{"rendered":"https:\/\/sub-thz.ire.pw.edu.pl\/?page_id=1238"},"modified":"2024-10-07T10:08:31","modified_gmt":"2024-10-07T08:08:31","slug":"staff","status":"publish","type":"page","link":"https:\/\/sub-thz.ire.pw.edu.pl\/?page_id=1238","title":{"rendered":"Staff"},"content":{"rendered":"<div id=\"pl-1238\"  class=\"panel-layout\" ><div id=\"pg-1238-0\"  class=\"panel-grid panel-has-style\" ><div class=\"panel-row-style panel-row-style-for-1238-0\" ><div id=\"pgc-1238-0-0\"  class=\"panel-grid-cell\" ><div><div class=\"tx-heading\" style=\"margin-bottom:16px; text-align: left;\"><h2 class=\"tx-heading-tag\" style=\"font-size:40px;\">Antenna and sub-Terahertz Technology Research Group<\/h2><\/div><\/div><\/div><\/div><\/div><div id=\"pg-1238-1\"  class=\"panel-grid panel-has-style\" ><div class=\"podkreslenie_dolne panel-row-style panel-row-style-for-1238-1\" ><div id=\"pgc-1238-1-0\"  class=\"panel-grid-cell\" ><div id=\"panel-1238-1-0-0\" class=\"widget_text so-panel widget widget_custom_html panel-first-child panel-last-child\" data-index=\"1\" ><h3 class=\"widget-title\">prof. dr hab. in\u017c. Yevhen Yashchyshyn (Eugeniusz Jaszczyszyn)<\/h3><div class=\"textwidget custom-html-widget\"><p>Deputy Director for Research of the Institute of Radioelectronics and Multimedia Technoogy<br>Head of Antenna and sub-Terahertz Technology Research Group\n<\/p>\n\nphone: +48 22 234-7727, +48 22 234-6182<br>\nemail: <a href=\"mailto:Yevhen.Yashchyshyn@pw.edu.pl\">Yevhen.Yashchyshyn@pw.edu.pl<\/a><br>\nroom: 33<br>\npapers: \n<ul>\n\t<li><a href=\"https:\/\/repo.pw.edu.pl\/info\/author\/WEITI-8d669fc7-3ec1-482e-ad1f-f482ac5109f8\/Profil%2Bosoby%2B%25E2%2580%2593%2BYevhen%2BYashchyshyn%2B%25E2%2580%2593%2BPolitechnika%2BWarszawska?r=author&ps=20&tab=&lang=en&pn=1&cid=381187\" target=\"_blank\">base of knowledge WUT<\/a><\/li>\n\t<li><a href=\"https:\/\/scholar.google.pl\/citations?user=2vzcSZ4AAAAJ\" target=\"_blank\" >Google Scholar<\/a><\/li>\n<li><a href=\"https:\/\/www.webofscience.com\/wos\/author\/record\/2119868\" target=\"_blank\">Web of Science<\/a><\/li>\n<li><a href=\"https:\/\/orcid.org\/0000-0001-8378-1399\" target=\"orcid.widget\" rel=\"noopener noreferrer\"><img decoding=\"async\" src=\"https:\/\/orcid.org\/sites\/default\/files\/images\/orcid_16x16.png\" alt=\"ORCID iD icon\"> 0000-0001-8378-1399<\/a><\/li>\n<\/ul><\/div><\/div><\/div><div id=\"pgc-1238-1-1\"  class=\"panel-grid-cell\" ><div id=\"panel-1238-1-1-0\" class=\"so-panel widget widget_media_image panel-first-child panel-last-child\" data-index=\"2\" ><div class=\"podkreslenie panel-widget-style panel-widget-style-for-1238-1-1-0\" ><img loading=\"lazy\" decoding=\"async\" width=\"190\" height=\"240\" src=\"https:\/\/sub-thz.ire.pw.edu.pl\/wp-content\/uploads\/2015\/11\/ejaszczyszyn.jpg\" class=\"image wp-image-165  attachment-full size-full\" alt=\"\" style=\"max-width: 100%; height: auto;\" \/><\/div><\/div><\/div><\/div><\/div><div id=\"pg-1238-2\"  class=\"panel-grid panel-has-style\" ><div class=\"podkreslenie_dolne panel-row-style panel-row-style-for-1238-2\" ><div id=\"pgc-1238-2-0\"  class=\"panel-grid-cell\" ><div id=\"panel-1238-2-0-0\" class=\"widget_text so-panel widget widget_custom_html panel-first-child panel-last-child\" data-index=\"3\" ><h3 class=\"widget-title\">dr hab. in\u017c. Krzysztof Derzakowski<\/h3><div class=\"textwidget custom-html-widget\"><p>\ntelefon: +48 22 234-7933<br>\nemail: <a href=\"mailto:Krzysztof.Derzakowski@pw.edu.pl\">Krzysztof.Derzakowski@pw.edu.pl<\/a><br>\npok\u00f3j: 550<br>\n<a href=\"http:\/\/repo.bg.pw.edu.pl\/index.php\/pl\/r#\/info\/author\/WEITI-0f1cdff3-6e3e-4781-99f4-5fbfa0a2d952\/Krzysztof%2BDerzakowski?tab=publications&r=publication&lang=en&affil=\" target=\"_blank\" rel=\"noopener noreferrer\">base of knowledge WUT<\/a>\n\n\t\n<\/p><\/div><\/div><\/div><div id=\"pgc-1238-2-1\"  class=\"panel-grid-cell\" ><div id=\"panel-1238-2-1-0\" class=\"so-panel widget widget_media_image panel-first-child panel-last-child\" data-index=\"4\" ><img loading=\"lazy\" decoding=\"async\" width=\"190\" height=\"240\" src=\"https:\/\/sub-thz.ire.pw.edu.pl\/wp-content\/uploads\/2015\/11\/kderzakowski.png\" class=\"image wp-image-166  attachment-full size-full\" alt=\"\" style=\"max-width: 100%; height: auto;\" \/><\/div><\/div><\/div><\/div><div id=\"pg-1238-3\"  class=\"panel-grid panel-has-style\" ><div class=\"podkreslenie_dolne panel-row-style panel-row-style-for-1238-3\" ><div id=\"pgc-1238-3-0\"  class=\"panel-grid-cell panel-grid-cell-mobile-last\" ><div id=\"panel-1238-3-0-0\" class=\"widget_text so-panel widget widget_custom_html panel-first-child panel-last-child\" data-index=\"5\" ><div class=\"widget_text panel-widget-style panel-widget-style-for-1238-3-0-0\" ><h3 class=\"widget-title\">prof. Peter Tokarsky<\/h3><div class=\"textwidget custom-html-widget\">email: <a href=\"mailto:Peter.Tokarsky@pw.edu.pl\">Peter.Tokarsky@pw.edu.pl<\/a><br>\nroom: 36<br>\npapers: \n<ul>\n\t<li><a href=\"https:\/\/scholar.google.com.ua\/citations?user=UdX6AuQAAAAJ\" target=\"_blank\" >Google Scholar<\/a><\/li>\n<\/ul><\/div><\/div><\/div><\/div><div id=\"pgc-1238-3-1\"  class=\"panel-grid-cell panel-grid-cell-empty\" ><\/div><\/div><\/div><div id=\"pg-1238-4\"  class=\"panel-grid panel-has-style\" ><div class=\"podkreslenie_dolne panel-row-style panel-row-style-for-1238-4\" ><div id=\"pgc-1238-4-0\"  class=\"panel-grid-cell\" ><div id=\"panel-1238-4-0-0\" class=\"widget_text so-panel widget widget_custom_html panel-first-child panel-last-child\" data-index=\"6\" ><h3 class=\"widget-title\">dr in\u017c. Pawe\u0142 Bajurko<\/h3><div class=\"textwidget custom-html-widget\"><p>\ntelefon: +48 22 234-7795<br>\nemail: <a href=\"mailto:Pawel.Bajurko@pw.edu.pl\">Pawel.Bajurko@pw.edu.pl<\/a><br>\npok\u00f3j: 34<br>\n\npublikacje: \n\t<ul>\n\t\t<li><a href=\"https:\/\/repo.pw.edu.pl\/info\/author\/WEITI-63f6d266-44ae-4318-bec9-1bf71ccc8aed?lang=en\" target=\"_blank\" rel=\"noopener noreferrer\">WUT base of knowledge<\/a>\n\t\t\t\n\t\t<\/li>\n\t\t<li><a href=\"https:\/\/scholar.google.pl\/citations?user=RhRPa08AAAAJ\">Google Scholar<\/a><\/li>\n\t\t<li><a href=\"https:\/\/orcid.org\/0000-0002-5302-6541\" target=\"orcid.widget\" rel=\"noopener noreferrer\"><img decoding=\"async\" src=\"https:\/\/orcid.org\/sites\/default\/files\/images\/orcid_16x16.png\" alt=\"ORCID iD icon\"> 0000-0002-5302-6541<\/a><\/li>\n\t\t<li><a href=\"https:\/\/www.scopus.com\/authid\/detail.uri?authorId=25630293400\" targer=\"_blank\"><img decoding=\"async\" src=\"https:\/\/www.scopus.com\/static\/proteus-images\/scopus_icon_dk_grey.svg\" style=\"width: 1em; margin-right: .5em;\">25630293400<\/a><\/li>\n<\/ul>\n<\/p><\/div><\/div><\/div><div id=\"pgc-1238-4-1\"  class=\"panel-grid-cell\" ><div id=\"panel-1238-4-1-0\" class=\"so-panel widget widget_media_image panel-first-child panel-last-child\" data-index=\"7\" ><img loading=\"lazy\" decoding=\"async\" width=\"190\" height=\"240\" src=\"https:\/\/sub-thz.ire.pw.edu.pl\/wp-content\/uploads\/2015\/11\/pbajurko.png\" class=\"image wp-image-168  attachment-full size-full\" alt=\"\" style=\"max-width: 100%; height: auto;\" \/><\/div><\/div><\/div><\/div><div id=\"pg-1238-5\"  class=\"panel-grid panel-has-style\" ><div class=\"podkreslenie_dolne panel-row-style panel-row-style-for-1238-5\" ><div id=\"pgc-1238-5-0\"  class=\"panel-grid-cell\" ><div id=\"panel-1238-5-0-0\" class=\"widget_text so-panel widget widget_custom_html panel-first-child panel-last-child\" data-index=\"8\" ><h3 class=\"widget-title\">dr in\u017c. Konrad Godziszewski<\/h3><div class=\"textwidget custom-html-widget\">telefon: +48 22 234-7796<br>\nemail: <a href=\"mailto:Konrad.Godziszewski@pw.edu.pl\">Konrad.Godziszewski@pw.edu.pl<\/a><br>\npok\u00f3j: 35<br>\npublikacje: \n\t<ul>\n\t\t<li><a href=\"https:\/\/repo.pw.edu.pl\/info\/author\/WUT397758\/Profil%2Bosoby%2B%25E2%2580%2593%2BKonrad%2BGodziszewski%2B%25E2%2580%2593%2BPolitechnika%2BWarszawska?r=author&tab=&lang=pl\" target=\"_blank\" >repozytorium PW<\/a><\/li>\n\t\t<li><a href=\"https:\/\/scholar.google.pl\/citations?user=dR1dO9EAAAAJ\" target=\"_blank\" >Google Scholar<\/a><\/li>\n\t\t<li><a style=\"vertical-align: top;\" href=\"https:\/\/orcid.org\/0000-0002-8438-4667\" target=\"orcid.widget\" ><img decoding=\"async\" style=\"width: 1em; margin-right: .5em;\" src=\"https:\/\/orcid.org\/sites\/default\/files\/images\/orcid_16x16.png\" alt=\"ORCID iD icon\">0000-0002-8438-4667<\/a><\/li><li><a href=\"https:\/\/www.scopus.com\/authid\/detail.uri?authorId=55225604800\" targer=\"_blank\"><img decoding=\"async\" src=\"https:\/\/www.scopus.com\/static\/proteus-images\/scopus_icon_dk_grey.svg\"  style=\"width: 1em; margin-right: .5em;\" >55225604800<\/a><\/li>\n<\/ul>\n<\/div><\/div><\/div><div id=\"pgc-1238-5-1\"  class=\"panel-grid-cell\" ><div id=\"panel-1238-5-1-0\" class=\"so-panel widget widget_media_image panel-first-child panel-last-child\" data-index=\"9\" ><img loading=\"lazy\" decoding=\"async\" width=\"150\" height=\"213\" src=\"https:\/\/sub-thz.ire.pw.edu.pl\/wp-content\/uploads\/2015\/11\/KG2-212x300.jpg\" class=\"image wp-image-167  attachment-150x213 size-150x213\" alt=\"\" style=\"max-width: 100%; height: auto;\" srcset=\"https:\/\/sub-thz.ire.pw.edu.pl\/wp-content\/uploads\/2015\/11\/KG2-212x300.jpg 212w, https:\/\/sub-thz.ire.pw.edu.pl\/wp-content\/uploads\/2015\/11\/KG2.jpg 527w\" sizes=\"auto, (max-width: 150px) 100vw, 150px\" \/><\/div><\/div><\/div><\/div><div id=\"pg-1238-6\"  class=\"panel-grid panel-has-style\" ><div class=\"podkreslenie_dolne panel-row-style panel-row-style-for-1238-6\" ><div id=\"pgc-1238-6-0\"  class=\"panel-grid-cell\" ><div id=\"panel-1238-6-0-0\" class=\"widget_text so-panel widget widget_custom_html panel-first-child panel-last-child\" data-index=\"10\" ><h3 class=\"widget-title\">dr in\u017c. Grzegorz Bogdan<\/h3><div class=\"textwidget custom-html-widget\">telefon: +48 22 234-7796<br>\nemail: <a href=\"mailto:Grzegorz.Bogdan@pw.edu.pl\">Grzegorz.Bogdan@pw.edu.pl<\/a><br>\npok\u00f3j: 35<br>\npublikacje: \n\t<ul>\n\t\t<li><a href=\"https:\/\/www.webofscience.com\/wos\/author\/record\/1901263\" target=\"_blank\">Web of Science<\/a><\/li>\n\t\t<li><a href=\"https:\/\/repo.pw.edu.pl\/info\/author\/WUT396391\/Profil%2Bosoby%2B%25E2%2580%2593%2BGrzegorz%2BBogdan%2B%25E2%2580%2593%2BPolitechnika%2BWarszawska?affil=&r=author&tab=&lang=en&qp=\" target=\"_blank\">base of knowledge WUT<\/a>\n\t<\/li>\n\t\t<li><a href=\"https:\/\/scholar.google.pl\/citations?user=qxAn5ioAAAAJ\" target=\"_blank\" >Google Scholar<\/a><\/li>\n\t\t<li><a style=\"vertical-align: top;\" href=\"https:\/\/orcid.org\/0000-0002-9795-8439\" target=\"orcid.widget\" ><img decoding=\"async\" style=\"width: 1em; margin-right: .5em;\" src=\"https:\/\/orcid.org\/sites\/default\/files\/images\/orcid_16x16.png\" alt=\"ORCID iD icon\">0000-0002-9795-8439<\/a><\/li>\n\t\t<li><a href=\"https:\/\/www.scopus.com\/authid\/detail.uri?authorId=56405350900\" targer=\"_blank\"><img decoding=\"async\" src=\"https:\/\/www.scopus.com\/static\/proteus-images\/scopus_icon_dk_grey.svg\"  style=\"width: 1em; margin-right: .5em;\" >56405350900<\/a><\/li>\n<\/ul><\/div><\/div><\/div><div id=\"pgc-1238-6-1\"  class=\"panel-grid-cell\" ><div id=\"panel-1238-6-1-0\" class=\"so-panel widget widget_media_image panel-first-child panel-last-child\" data-index=\"11\" ><img loading=\"lazy\" decoding=\"async\" class=\"image \" src=\"https:\/\/sub-thz.ire.pw.edu.pl\/wp-content\/uploads\/2022\/05\/gb.jpg\" alt=\"\" width=\"148\" height=\"194\" \/><\/div><\/div><\/div><\/div><div id=\"pg-1238-7\"  class=\"panel-grid panel-has-style\" ><div class=\"podkreslenie_dolne panel-row-style panel-row-style-for-1238-7\" ><div id=\"pgc-1238-7-0\"  class=\"panel-grid-cell\" ><div id=\"panel-1238-7-0-0\" class=\"widget_text so-panel widget widget_custom_html panel-first-child panel-last-child\" data-index=\"12\" ><h3 class=\"widget-title\">dr in\u017c. Jakub Sobolewski<\/h3><div class=\"textwidget custom-html-widget\">telefon: +48 22 234-7796<br>\nemail: <a href=\"mailto:jakub.sobolewski@pw.edu.pl\">Jakub.Sobolewski@pw.edu.pl<\/a><br>\npok\u00f3j: 35<br>\n\n<\/div><\/div><\/div><div id=\"pgc-1238-7-1\"  class=\"panel-grid-cell\" ><div id=\"panel-1238-7-1-0\" class=\"so-panel widget widget_media_image panel-first-child panel-last-child\" data-index=\"13\" ><img loading=\"lazy\" decoding=\"async\" width=\"150\" height=\"188\" src=\"https:\/\/sub-thz.ire.pw.edu.pl\/wp-content\/uploads\/2015\/11\/jsobolewski_small-240x300.jpg\" class=\"image wp-image-514  attachment-150x188 size-150x188\" alt=\"\" style=\"max-width: 100%; height: auto;\" srcset=\"https:\/\/sub-thz.ire.pw.edu.pl\/wp-content\/uploads\/2015\/11\/jsobolewski_small-240x300.jpg 240w, https:\/\/sub-thz.ire.pw.edu.pl\/wp-content\/uploads\/2015\/11\/jsobolewski_small.jpg 300w\" sizes=\"auto, (max-width: 150px) 100vw, 150px\" \/><\/div><\/div><\/div><\/div><div id=\"pg-1238-8\"  class=\"panel-grid panel-has-style\" ><div class=\"podkreslenie_dolne panel-row-style panel-row-style-for-1238-8\" ><div id=\"pgc-1238-8-0\"  class=\"panel-grid-cell\" ><div id=\"panel-1238-8-0-0\" class=\"widget_text so-panel widget widget_custom_html panel-first-child panel-last-child\" data-index=\"14\" ><h3 class=\"widget-title\">mgr in\u017c. Maciej Soszka<\/h3><div class=\"textwidget custom-html-widget\"><\/div><\/div><\/div><div id=\"pgc-1238-8-1\"  class=\"panel-grid-cell\" ><div id=\"panel-1238-8-1-0\" class=\"so-panel widget widget_media_image panel-first-child panel-last-child\" data-index=\"15\" ><div class=\"panel-widget-style panel-widget-style-for-1238-8-1-0\" ><img loading=\"lazy\" decoding=\"async\" width=\"683\" height=\"1024\" src=\"https:\/\/sub-thz.ire.pw.edu.pl\/wp-content\/uploads\/2021\/03\/L5H_4919-1-1.jpg\" class=\"image wp-image-1863  attachment-full size-full\" alt=\"\" style=\"max-width: 100%; height: auto;\" srcset=\"https:\/\/sub-thz.ire.pw.edu.pl\/wp-content\/uploads\/2021\/03\/L5H_4919-1-1.jpg 683w, https:\/\/sub-thz.ire.pw.edu.pl\/wp-content\/uploads\/2021\/03\/L5H_4919-1-1-200x300.jpg 200w\" sizes=\"auto, (max-width: 683px) 100vw, 683px\" \/><\/div><\/div><\/div><\/div><\/div><div id=\"pg-1238-9\"  class=\"panel-grid panel-has-style\" ><div class=\"panel-row-style panel-row-style-for-1238-9\" ><div id=\"pgc-1238-9-0\"  class=\"panel-grid-cell\" ><div><div class=\"tx-heading\" style=\"margin-bottom:16px; text-align: left;\"><h2 class=\"tx-heading-tag\" style=\"font-size:40px;\">Pracownia Metod Polowych w Technice Mikrofalowej i Subterahercowej<\/h2><\/div><\/div><\/div><\/div><\/div><div id=\"pg-1238-10\"  class=\"panel-grid panel-no-style\" ><div id=\"pgc-1238-10-0\"  class=\"panel-grid-cell\" ><div id=\"panel-1238-10-0-0\" class=\"widget_text so-panel widget widget_custom_html panel-first-child panel-last-child\" data-index=\"17\" ><h3 class=\"widget-title\">dr hab. in\u017c. Pawe\u0142 Kopyt<\/h3><div class=\"textwidget custom-html-widget\"><p>\n\tHead of Sub-Terahertz Technology Division<br>\n\ttelefon: +48 22 234-5829<br>\nemail: <a href=\"mailto:Pawel.Kopyt@pw.edu.pl\">Pawel.Kopyt@pw.edu.pl<\/a><br>\npok\u00f3j: 546<br>\n<\/p><\/div><\/div><\/div><div id=\"pgc-1238-10-1\"  class=\"panel-grid-cell\" ><div id=\"panel-1238-10-1-0\" class=\"so-panel widget widget_media_image panel-first-child panel-last-child\" data-index=\"18\" ><div class=\"panel-widget-style panel-widget-style-for-1238-10-1-0\" ><img loading=\"lazy\" decoding=\"async\" width=\"944\" height=\"944\" src=\"https:\/\/sub-thz.ire.pw.edu.pl\/wp-content\/uploads\/2021\/03\/kopyt-e1463145199519.jpg\" class=\"image wp-image-1875  attachment-full size-full\" alt=\"\" style=\"max-width: 100%; height: auto;\" srcset=\"https:\/\/sub-thz.ire.pw.edu.pl\/wp-content\/uploads\/2021\/03\/kopyt-e1463145199519.jpg 944w, https:\/\/sub-thz.ire.pw.edu.pl\/wp-content\/uploads\/2021\/03\/kopyt-e1463145199519-300x300.jpg 300w, https:\/\/sub-thz.ire.pw.edu.pl\/wp-content\/uploads\/2021\/03\/kopyt-e1463145199519-150x150.jpg 150w, https:\/\/sub-thz.ire.pw.edu.pl\/wp-content\/uploads\/2021\/03\/kopyt-e1463145199519-768x768.jpg 768w\" sizes=\"auto, (max-width: 944px) 100vw, 944px\" \/><\/div><\/div><\/div><\/div><div id=\"pg-1238-11\"  class=\"panel-grid panel-no-style\" ><div id=\"pgc-1238-11-0\"  class=\"panel-grid-cell\" ><div id=\"panel-1238-11-0-0\" class=\"widget_text so-panel widget widget_custom_html panel-first-child panel-last-child\" data-index=\"19\" ><h3 class=\"widget-title\">dr hab. in\u017c. Bart\u0142omiej Wac\u0142aw Salski<\/h3><div class=\"textwidget custom-html-widget\"><p>\n\ttelefon: +48 22 234-7622<br>\nemail: <a href=\"mailto:Bartlomiej.Salski@ipw.edu.pl\">Bartlomiej.Salski@pw.edu.pl<\/a><br>\npok\u00f3j: 546<br>\n<\/p>\n<\/div><\/div><\/div><div id=\"pgc-1238-11-1\"  class=\"panel-grid-cell\" ><div id=\"panel-1238-11-1-0\" class=\"so-panel widget widget_media_image panel-first-child panel-last-child\" data-index=\"20\" ><div class=\"panel-widget-style panel-widget-style-for-1238-11-1-0\" ><img loading=\"lazy\" decoding=\"async\" width=\"1847\" height=\"1848\" src=\"https:\/\/sub-thz.ire.pw.edu.pl\/wp-content\/uploads\/2021\/03\/Salski-e1463144465628.jpg\" class=\"image wp-image-1872  attachment-full size-full\" alt=\"\" style=\"max-width: 100%; height: auto;\" srcset=\"https:\/\/sub-thz.ire.pw.edu.pl\/wp-content\/uploads\/2021\/03\/Salski-e1463144465628.jpg 1847w, https:\/\/sub-thz.ire.pw.edu.pl\/wp-content\/uploads\/2021\/03\/Salski-e1463144465628-300x300.jpg 300w, https:\/\/sub-thz.ire.pw.edu.pl\/wp-content\/uploads\/2021\/03\/Salski-e1463144465628-1024x1024.jpg 1024w, https:\/\/sub-thz.ire.pw.edu.pl\/wp-content\/uploads\/2021\/03\/Salski-e1463144465628-150x150.jpg 150w, https:\/\/sub-thz.ire.pw.edu.pl\/wp-content\/uploads\/2021\/03\/Salski-e1463144465628-768x768.jpg 768w, https:\/\/sub-thz.ire.pw.edu.pl\/wp-content\/uploads\/2021\/03\/Salski-e1463144465628-1536x1536.jpg 1536w\" sizes=\"auto, (max-width: 1847px) 100vw, 1847px\" \/><\/div><\/div><\/div><\/div><div id=\"pg-1238-12\"  class=\"panel-grid panel-no-style\" ><div id=\"pgc-1238-12-0\"  class=\"panel-grid-cell\" ><div id=\"panel-1238-12-0-0\" class=\"widget_text so-panel widget widget_custom_html panel-first-child panel-last-child\" data-index=\"21\" ><h3 class=\"widget-title\">dr in\u017c. Maciej Sypniewski<\/h3><div class=\"textwidget custom-html-widget\"><p>\n\ttelefon: +48 22 234-7347 <br>\nemail: <a href=\"mailto:Maciej.Sypniewski@pw.edu.pl\">Maciej.Sypniewski@pw.edu.pl<\/a><br>\npok\u00f3j: 541<br>\n<\/p>\n<\/div><\/div><\/div><div id=\"pgc-1238-12-1\"  class=\"panel-grid-cell\" ><div id=\"panel-1238-12-1-0\" class=\"so-panel widget widget_media_image panel-first-child panel-last-child\" data-index=\"22\" ><div class=\"panel-widget-style panel-widget-style-for-1238-12-1-0\" ><img loading=\"lazy\" decoding=\"async\" width=\"876\" height=\"876\" src=\"https:\/\/sub-thz.ire.pw.edu.pl\/wp-content\/uploads\/2021\/03\/Sypniewski-e1463144799980.jpg\" class=\"image wp-image-1873  attachment-full size-full\" alt=\"\" style=\"max-width: 100%; height: auto;\" srcset=\"https:\/\/sub-thz.ire.pw.edu.pl\/wp-content\/uploads\/2021\/03\/Sypniewski-e1463144799980.jpg 876w, https:\/\/sub-thz.ire.pw.edu.pl\/wp-content\/uploads\/2021\/03\/Sypniewski-e1463144799980-300x300.jpg 300w, https:\/\/sub-thz.ire.pw.edu.pl\/wp-content\/uploads\/2021\/03\/Sypniewski-e1463144799980-150x150.jpg 150w, https:\/\/sub-thz.ire.pw.edu.pl\/wp-content\/uploads\/2021\/03\/Sypniewski-e1463144799980-768x768.jpg 768w\" sizes=\"auto, (max-width: 876px) 100vw, 876px\" \/><\/div><\/div><\/div><\/div><div id=\"pg-1238-13\"  class=\"panel-grid panel-no-style\" ><div id=\"pgc-1238-13-0\"  class=\"panel-grid-cell\" ><div id=\"panel-1238-13-0-0\" class=\"widget_text so-panel widget widget_custom_html panel-first-child panel-last-child\" data-index=\"23\" ><h3 class=\"widget-title\">mgr in\u017c. Mateusz Krysicki<\/h3><div class=\"textwidget custom-html-widget\"><p>\n\ttelefon: +48 22 234-7631<br>\nemail: <a href=\"mailto:M.Krysicki@ire.pw.edu.pl\">M.Krysicki@ire.pw.edu.pl<\/a><br>\npok\u00f3j: 543<br>\n<\/p>\n<\/div><\/div><\/div><div id=\"pgc-1238-13-1\"  class=\"panel-grid-cell\" ><div id=\"panel-1238-13-1-0\" class=\"so-panel widget widget_media_image panel-first-child panel-last-child\" data-index=\"24\" ><div class=\"panel-widget-style panel-widget-style-for-1238-13-1-0\" ><img loading=\"lazy\" decoding=\"async\" width=\"730\" height=\"730\" src=\"https:\/\/sub-thz.ire.pw.edu.pl\/wp-content\/uploads\/2021\/03\/MateuszKrysicki-e1488969203601.jpg\" class=\"image wp-image-1871  attachment-full size-full\" alt=\"\" style=\"max-width: 100%; height: auto;\" srcset=\"https:\/\/sub-thz.ire.pw.edu.pl\/wp-content\/uploads\/2021\/03\/MateuszKrysicki-e1488969203601.jpg 730w, https:\/\/sub-thz.ire.pw.edu.pl\/wp-content\/uploads\/2021\/03\/MateuszKrysicki-e1488969203601-300x300.jpg 300w, https:\/\/sub-thz.ire.pw.edu.pl\/wp-content\/uploads\/2021\/03\/MateuszKrysicki-e1488969203601-150x150.jpg 150w\" sizes=\"auto, (max-width: 730px) 100vw, 730px\" \/><\/div><\/div><\/div><\/div><div id=\"pg-1238-14\"  class=\"panel-grid panel-no-style\" ><div id=\"pgc-1238-14-0\"  class=\"panel-grid-cell panel-grid-cell-mobile-last\" ><div id=\"panel-1238-14-0-0\" class=\"widget_text so-panel widget widget_custom_html panel-first-child panel-last-child\" data-index=\"25\" ><h3 class=\"widget-title\">dr in\u017c. Adam Pacewicz<\/h3><div class=\"textwidget custom-html-widget\"><p>\n\ttelefon: +48 22 234-7631<br>\nemail: <a href=\"mailto:A.Pacewicz@ire.pw.edu.pl\">A.Pacewicz@ire.pw.edu.pl<\/a><br>\npok\u00f3j: 543<br>\n<\/p>\n<\/div><\/div><\/div><div id=\"pgc-1238-14-1\"  class=\"panel-grid-cell panel-grid-cell-empty\" ><\/div><\/div><div id=\"pg-1238-15\"  class=\"panel-grid panel-no-style\" ><div id=\"pgc-1238-15-0\"  class=\"panel-grid-cell panel-grid-cell-mobile-last\" ><div id=\"panel-1238-15-0-0\" class=\"widget_text so-panel widget widget_custom_html panel-first-child panel-last-child\" data-index=\"26\" ><h3 class=\"widget-title\">mgr in\u017c. Jerzy Cuper<\/h3><div class=\"textwidget custom-html-widget\"><p>\n\ttelefon: +48 22 234-7631<br>\nemail: <a href=\"mailto:J.Cuper@ire.pw.edu.pl\">J.Cuper@ire.pw.edu.pl<\/a><br>\npok\u00f3j: 543<br>\n<\/p>\n<\/div><\/div><\/div><div id=\"pgc-1238-15-1\"  class=\"panel-grid-cell panel-grid-cell-empty\" ><\/div><\/div><div id=\"pg-1238-16\"  class=\"panel-grid panel-no-style\" ><div id=\"pgc-1238-16-0\"  class=\"panel-grid-cell panel-grid-cell-mobile-last\" ><div id=\"panel-1238-16-0-0\" class=\"widget_text so-panel widget widget_custom_html panel-first-child panel-last-child\" data-index=\"27\" ><h3 class=\"widget-title\">mgr in\u017c. Piotr Czeka\u0142a<\/h3><div class=\"textwidget custom-html-widget\"><p>\n\ttelefon: +48 22 234-7631<br>\nemail: <a href=\"mailto:P.Czekala@ire.pw.edu.pl\">P.Czekala@ire.pw.edu.pl<\/a><br>\npok\u00f3j: 543<br>\n<\/p>\n<\/div><\/div><\/div><div id=\"pgc-1238-16-1\"  class=\"panel-grid-cell panel-grid-cell-empty\" ><\/div><\/div><\/div>","protected":false},"excerpt":{"rendered":"<p>Antenna and sub-Terahertz Technology Research Groupprof. dr hab. in\u017c. Yevhen Yashchyshyn (Eugeniusz Jaszczyszyn)Deputy Director for Research of the Institute of Radioelectronics and Multimedia TechnoogyHead of Antenna and sub-Terahertz Technology Research Group phone:<a class=\"moretag\" href=\"https:\/\/sub-thz.ire.pw.edu.pl\/?page_id=1238\">Read More&#8230;<\/a><\/p>\n","protected":false},"author":1,"featured_media":0,"parent":0,"menu_order":0,"comment_status":"closed","ping_status":"closed","template":"","meta":{"footnotes":""},"class_list":["post-1238","page","type-page","status-publish","hentry"],"_links":{"self":[{"href":"https:\/\/sub-thz.ire.pw.edu.pl\/index.php?rest_route=\/wp\/v2\/pages\/1238","targetHints":{"allow":["GET"]}}],"collection":[{"href":"https:\/\/sub-thz.ire.pw.edu.pl\/index.php?rest_route=\/wp\/v2\/pages"}],"about":[{"href":"https:\/\/sub-thz.ire.pw.edu.pl\/index.php?rest_route=\/wp\/v2\/types\/page"}],"author":[{"embeddable":true,"href":"https:\/\/sub-thz.ire.pw.edu.pl\/index.php?rest_route=\/wp\/v2\/users\/1"}],"replies":[{"embeddable":true,"href":"https:\/\/sub-thz.ire.pw.edu.pl\/index.php?rest_route=%2Fwp%2Fv2%2Fcomments&post=1238"}],"version-history":[{"count":197,"href":"https:\/\/sub-thz.ire.pw.edu.pl\/index.php?rest_route=\/wp\/v2\/pages\/1238\/revisions"}],"predecessor-version":[{"id":2394,"href":"https:\/\/sub-thz.ire.pw.edu.pl\/index.php?rest_route=\/wp\/v2\/pages\/1238\/revisions\/2394"}],"wp:attachment":[{"href":"https:\/\/sub-thz.ire.pw.edu.pl\/index.php?rest_route=%2Fwp%2Fv2%2Fmedia&parent=1238"}],"curies":[{"name":"wp","href":"https:\/\/api.w.org\/{rel}","templated":true}]}}