{"id":1152,"date":"2020-01-09T10:45:29","date_gmt":"2020-01-09T09:45:29","guid":{"rendered":"http:\/\/www.ire.pw.edu.pl\/anteny\/?page_id=1152"},"modified":"2021-05-11T10:50:45","modified_gmt":"2021-05-11T08:50:45","slug":"publications-in-2020","status":"publish","type":"page","link":"https:\/\/sub-thz.ire.pw.edu.pl\/?page_id=1152","title":{"rendered":"Publications in 2020"},"content":{"rendered":"<h5>Papers published in journals from the <a href=\"http:\/\/www.bip.nauka.gov.pl\/inne2\/komunikat-ministra-nauki-i-szkolnictwa-wyzszego-z-dnia-18-grudnia-2019-r-w-sprawie-wykazu-czasopism-naukowych-i-recenzowanych-materialow-z-konferencji-miedzynarodowych.html\" target=\"_blank\" rel=\"noopener noreferrer\">the list of Ministry of Science and Higher Education (Poland)<\/a><\/h5>\n<ol>\n<li>Z. Barani, F. Kargar, K. Godziszewski, A. Rehman, Y. Yashchyshyn, S. Rumyantsev, G. Cywi\u0144ski, W. Knap, A. A. Balandin, &#8220;Graphene Epoxy-Based Composites as Efficient Electromagnetic Absorbers in the Extremely High-Frequency Band&#8221;, <em>ACS Applied Materials &amp; Interfaces<\/em>, vol. 12, no. 25, pp. 28635-28644, 2020<br \/>\n<a href=\"https:\/\/doi.org\/10.1021\/acsami.0c06729\">https:\/\/doi.org\/10.1021\/acsami.0c06729<\/a>, <a href=\"https:\/\/arxiv.org\/pdf\/2004.06026\" target=\"_blank\" rel=\"noopener noreferrer\">download PDF of the author-submitted, peer-reviewed, and accepted manuscript <img loading=\"lazy\" decoding=\"async\" class=\"alignnone \" src=\"https:\/\/upload.wikimedia.org\/wikipedia\/commons\/thumb\/1\/11\/Breathe-folder-download.svg\/128px-Breathe-folder-download.svg.png\" width=\"20\" height=\"20\" \/><\/a><\/li>\n<li>C. Wu, Y. Liu, S. Lu, S. Gruszczynski, Y. Yashchyshyn, &#8220;Convenient Waveguide Technique for Determining Permittivity and Permeability of Materials&#8221;, <em>IEEE Transactions on Microwave Theory and Techniques<\/em>, vol. 68, no. 11, pp.\u00a0 4905\u20134912, 2020<br \/>\nDOI: <a href=\"https:\/\/doi.org\/10.1109\/TMTT.2020.3009995\" target=\"_blank\" rel=\"noopener noreferrer\">10.1109\/TMTT.2020.3009995<\/a><\/li>\n<li>G. Bogdan, K. Godziszewski, Y. Yashchyshyn, C. H. Kim, S. Hyun, \u201cTime-Modulated Antenna Array for Real-Time Adaptive Beamforming in Wideband Wireless Systems\u2014Part I: Design and Characterization\u201d, <em>IEEE Transactions on Antennas and Propagation<\/em>, vol. 68, no. 10, pp.\u00a0 6964\u20136972, 2020<br \/>\n<a href=\"http:\/\/dx.doi.org\/10.1109\/TAP.2019.2902755\">DOI: 10.1109\/TAP.2019.2902755<\/a> <a href=\"\/wp-content\/uploads\/2019\/03\/Time-Modulated-Antenna-Array-for-Real-Time-Adaptation-in-Wideband-Wireless-Systems.pdf\">download PDF of the author-submitted, peer-reviewed, and accepted manuscript <img loading=\"lazy\" decoding=\"async\" class=\"alignnone \" src=\"https:\/\/upload.wikimedia.org\/wikipedia\/commons\/thumb\/1\/11\/Breathe-folder-download.svg\/128px-Breathe-folder-download.svg.png\" width=\"20\" height=\"20\" \/><\/a><\/li>\n<li>G. Bogdan, K. Godziszewski, Y. Yashchyshyn &#8220;Time-Modulated Antenna Array for Real-Time Adaptation in Wideband Wireless Systems\u2014Part II: Adaptation Study,&#8221; in <em>IEEE Transactions on Antennas and Propagation<\/em>, vol. 68, no. 10, pp. 6973\u20136981, 2020, \n<a href=\"https:\/\/doi.org\/10.1109\/TAP.2020.3008633\">DOI: 10.1109\/TAP.2020.3008633 <\/a>, <a href=\"\/wp-content\/uploads\/2020\/07\/Time-Modulated-Antenna-Array-for-Real-Time-Adaptation-in-Wideband-Wireless-Systems.-Part-II-Adaptation-Study.pdf\">download PDF of the author-submitted, peer-reviewed, and accepted manuscript <img loading=\"lazy\" decoding=\"async\" class=\"alignnone \" src=\"https:\/\/upload.wikimedia.org\/wikipedia\/commons\/thumb\/1\/11\/Breathe-folder-download.svg\/128px-Breathe-folder-download.svg.png\" width=\"20\" height=\"20\" \/><\/a><\/li>\n<li>G. Bogdan, K. Godziszewski, Y. Yashchyshyn, &#8220;Experimental investigation of beam-steering applied to 2 \u00d7 2 MIMO system with single receiving RF chain and time-modulated antenna array&#8221;, <em>International Journal of Microwave and Wireless Technologies<\/em>, vol. 12, no. 6, pp. 504-512, 2020.<br \/>\n<a href=\"https:\/\/doi.org\/10.1017\/S1759078720000744\" target=\"_blank\" rel=\"noopener noreferrer\">DOI: 10.1017\/S1759078720000744<\/a>, <a href=\"\/wp-content\/uploads\/2020\/06\/cambridge-core-share-experimental-investigation-of-beam-steering-applied-to-2-2-mimo-system-with-sin.pdf\">read the paper for free <img loading=\"lazy\" decoding=\"async\" class=\"alignnone \" src=\"https:\/\/upload.wikimedia.org\/wikipedia\/commons\/thumb\/1\/11\/Breathe-folder-download.svg\/128px-Breathe-folder-download.svg.png\" width=\"20\" height=\"20\" \/><\/a><\/li>\n<li>G. Bogdan, P. Bajurko, Y. Yashchyshyn, &#8220;Time-Modulated Antenna Array with Dual-Circular Polarization&#8221;, <em>IEEE Antennas and Wireless Propagation Letters<\/em>, vol. 19, no. 11, pp. 1876-1880, 2020.<br \/>\n<a href=\"https:\/\/doi.org\/10.1109\/LAWP.2020.2999643\">DOI: 10.1109\/LAWP.2020.2999643<\/a>, <a href=\"https:\/\/sub-thz.ire.pw.edu.pl\/wp-content\/uploads\/2020\/06\/Time-Modulated-Antenna-Array-With-Dual-Circular-Polarization.pdf\">download PDF of the author-submitted, peer-reviewed, and accepted manuscript <img loading=\"lazy\" decoding=\"async\" class=\"alignnone \" src=\"https:\/\/upload.wikimedia.org\/wikipedia\/commons\/thumb\/1\/11\/Breathe-folder-download.svg\/128px-Breathe-folder-download.svg.png\" width=\"20\" height=\"20\" \/><\/a><\/li>\n<li>G. Bogdan, K. Godziszewski, Y. Yashchyshyn, &#8220;Time-Modulated Antenna Array with Beam-Steering for Low-Power Wide-Area Network Receivers&#8221;, <em>IEEE Antennas and Wireless Propagation Letters<\/em>, vol. 19, no. 11, pp. 1872-1875, 2020.<br \/>\n<a href=\"https:\/\/doi.org\/10.1109\/LAWP.2020.3007925\">DOI: 10.1109\/LAWP.2020.3007925 <\/a>, <a href=\"\/wp-content\/uploads\/2020\/08\/Time-Modulated-Antenna-Array-with-Beam-Steering-for-LPWAN-Receivers.pdf\">download PDF of the author-submitted, peer-reviewed, and accepted manuscript <img loading=\"lazy\" decoding=\"async\" class=\"alignnone \" src=\"https:\/\/upload.wikimedia.org\/wikipedia\/commons\/thumb\/1\/11\/Breathe-folder-download.svg\/128px-Breathe-folder-download.svg.png\" width=\"20\" height=\"20\" \/><\/a><\/li>\n<li>P. Zradzi\u0144ski, J. Karpowicz, K. Gryz, L. Morzy\u0144ski, R. M\u0142y\u0144ski, A. Swidzi\u0144ski, K. Godziszewski, and V. Ramos, \u201cModelling the Influence of Electromagnetic Field on the User of a Wearable IoT Device Used in a WSN for Monitoring and Reducing Hazards in the Work Environment,\u201d\u00a0<i>Sensors<\/i>, vol. 20, no. 24, p. 7131, 2020<br \/>\n<a href=\"http:\/\/dx.doi.org\/10.3390\/s20247131\">DOI: 10.3390\/s20247131<\/a><\/li>\n<li>I. V. Horbatyi and Y. Yashchyshyn, \u201cModernization of DVB-S2 Standard Using Signal-Code Constructions Based on Amplitude Modulation of Many Components,\u201d <em>International Journal of Electronics and Telecommunications<\/em>, vol. 66, no. 2, pp. 315\u2013320, 2020.<br \/>\n<a href=\"http:\/\/ijet.pl\/index.php\/ijet\/article\/view\/10.24425-ijet.2020.131880\/698\">http:\/\/ijet.pl\/index.php\/ijet\/article\/view\/10.24425-ijet.2020.131880\/698<\/a><\/li>\n<li>M. Nurgaliyev, A. Saymbetov, Y. Yashchyshyn, N. Kuttybay, D. Tukymbekov, &#8220;Prediction of energy consumption for LoRa based wireless sensor networks&#8221;, <em>Wireless Networks<\/em>, pp. 1-14, 2020.<br \/>\n<a href=\"https:\/\/doi.org\/10.1007\/s11276-020-02276-5\" target=\"_blank\" rel=\"noopener noreferrer\">https:\/\/doi.org\/10.1007\/s11276-020-02276-5<\/a><\/li>\n<li>C. Wu, C. Li, C. Hu, Y. Yashchyshyn, &#8220;Dual-Polarization and Low-Sidelobe Corrugated Rectangular Horn Antennas for Outdoor RCS Measurement&#8221;, <i>Frequenz<\/i>, vol. 74, no. 1-2, pp. 33\u201340, 2020.<br \/>\n<a href=\"https:\/\/doi.org\/10.1515\/freq-2019-0039\">https:\/\/doi.org\/10.1515\/freq-2019-0039<\/a><\/li>\n<li>B. Synkiewicz-Musialska, D. Szwagierczak, J. Kulawik, N. Pa\u0142ka, P. R. Bajurko, &#8220;Impact of additives and processing on microstructure and dielectric properties of willemite ceramics for LTCC terahertz applications,&#8221; <em>Journal of the European Ceramic Society<\/em>, vol. 40, no. 2, February 2020, pp. 362-370.<br \/>\n<a href=\"https:\/\/doi.org\/10.1016\/j.jeurceramsoc.2019.10.005\">https:\/\/doi.org\/10.1016\/j.jeurceramsoc.2019.10.005<\/a><\/li>\n<li>C. Wu, S. Lu, Z. Yang and Y. Yashchyshyn, &#8220;A UWB Absorber Based on the TCA Concept in the UHF Band,&#8221; in <em>IEEE Transactions on Antennas and Propagation<\/em>, vol. 68, no. 5, pp. 4132-4136, May 2020.\n<a href=\"https:\/\/doi.org\/10.1109\/TAP.2019.2949698\" target=\"_blank\" rel=\"noopener noreferrer\">https:\/\/doi.org\/10.1109\/TAP.2019.2949698<\/a><\/li>\n<li>D. Szwagierczak, B. Synkiewicz-Musialska, J. Kulawik, E. Czerwi\u0144ska, N. Pa\u0142ka, P. R. Bajurko, \u201cLow temperature sintering of Zn<sub>4<\/sub>B<sub>6<\/sub>O<sub>13<\/sub> based substrates, their microstructure and dielectric properties up to the THz range\u201d, <em>Journal of Alloys and Compounds<\/em>,\u00a0vol. 819, 5 April 2020, pp. 153025.<br \/>\n<a href=\"https:\/\/doi.org\/10.1016\/j.jallcom.2019.153025\">https:\/\/doi.org\/10.1016\/j.jallcom.2019.153025<\/a><\/li>\n<li>B. A. S\u0142ojewska, Y. Yashchyshyn, &#8220;Design of millimeter-wave six-port device\u00a0 for LTCC technology&#8221;,\u00a0<em>International Journal of Electronics and Telecommunications, <\/em>vol. 66, no. 1, pp. 37-43, 2020.<br \/>\n<a href=\"https:\/\/doi.org\/10.24425\/ijet.2019.130263\">https:\/\/doi.org\/10.24425\/ijet.2019.130263<\/a><\/li>\n<li>Krupka Jerzy, Pacewicz Adam, Salski Bart\u0142omiej Wac\u0142aw, Kopyt Pawe\u0142: Electrodynamic theory of ferromagnetic resonance and its applications in precise measurements of ferromagnetic linewidth, permeability tensor and saturation magnetization, AIP Advances, vol. 10, nr 1, 2020, DOI:10.1063\/1.5127859.<\/li>\n<li>Salski Bart\u0142omiej Wac\u0142aw, Karpisz Tomasz, Kopyt Pawe\u0142, Krupka Jerzy: Rigorous Scattering Matrix Analysis of a Fabry-Perot Open Resonator, IEEE Transactions on Microwave Theory and Techniques, vol. 68, nr 12, 2020, s. 5093-5102, DOI:10.1109\/TMTT.2020.3021716.<\/li>\n<li>Pacewicz Adam, Krupka Jerzy, Pavlo Aleshkevych, Salski Bart\u0142omiej Wac\u0142aw, Kopyt Pawe\u0142, Frender Ryszard: Broad-ferromagnetic-linewidth non-metallic gyromagnetic spheres: A comparison of linewidth characterization methods, Journal of Applied Physics, vol. 127, nr 16, 2020, s. 1-12, DOI:10.1063\/5.000402<\/li>\n<\/ol>\n<h5>Papers published in conference proceedings<br \/>\n<\/h5>\n<ol>\n<li>P. Zradzi\u0144ski, J. Karpowicz. K. Gryz, L. Morzy\u0144ski, R. M\u0142y\u0144ski,A. Swidzi\u0144ski,\u00a0 K. Godziszewski, V. Ramos, &#8220;Modelling the Influence of the 2.4 GHz Electromagnetic Field on the User of a Wearable Internet of Things (IoT) Device for Monitoring Hazards in the Work Environment&#8221;, <em>Eng. Proc.<\/em> <b>2020<\/b>, <em>2<\/em>, 39.<\/li>\n<li>\n<div class=\"u-pb-1 stats-document-abstract-doi\">P. Bajurko, J. Sobolewski, M. Widlok, K. Godziszewski, G. Bogdan, J. Marczewski, J. Kulawik, &#8220;A 110 GHz Hybrid Integrated Transmitter Design&#8221;, <em>23th International Microwave and Radar Conference (MIKON)<\/em>, Warsaw, Poland, Oct. 2020, pp. 367\u2013370<br \/>\nDOI: <a href=\"https:\/\/doi.org\/10.23919\/MIKON48703.2020.9253943\" target=\"_blank\" rel=\"noopener noreferrer\">10.23919\/MIKON48703.2020.9253943<\/a><\/div>\n<\/li>\n<li><span class=\"presenter \">Y. Yashchyshyn,<\/span> D. Vynnyk, V. Haiduchok, I, Solskii, C. Wu, G. Bogdan, &#8220;Electrically Small Antenna for BeiDou Chinese Navigation Satellite System&#8221;, <em>23th International Microwave and Radar Conference (MIKON)<\/em>,Warsaw, Poland, Oct. 2020, pp. 92\u201394\n<div class=\"u-pb-1 stats-document-abstract-doi\">DOI: <a href=\"https:\/\/doi.org\/10.23919\/MIKON48703.2020.9253909\" target=\"_blank\" rel=\"noopener noreferrer\">10.23919\/MIKON48703.2020.9253909<\/a><\/div>\n<\/li>\n<li>K. Godziszewski, Y. Guo, Y. Yashchyshyn, F. Gao, &#8220;BST\/PVDF Ferroelectric Composites Characteristics at Microwave Frequencies,&#8221; <em>23rd International Microwave and Radar Conference (MIKON)<\/em>, Warsaw, Poland, Oct. 2020, pp. 95\u201398<br \/>\nDOI: <a href=\"https:\/\/doi.org\/10.23919\/MIKON48703.2020.9253856\">10.23919\/MIKON48703.2020.9253856<\/a>.<\/li>\n<li>Min Wan, Yevhen Yashchyshyn, Xiaohui Li, Konrad Godziszewski, Da-Wen Sun, John T. Sheridan, &#8220;Characterization of silicon in the terahertz,&#8221; Proc. SPIE 11279, Terahertz, RF, Millimeter, and Submillimeter-Wave Technology and Applications XIII, 112792D (2 March 2020).<br \/>\n<a href=\"https:\/\/doi.org\/10.1117\/12.2547339\">https:\/\/doi.org\/10.1117\/12.2547339<\/a><\/li>\n<li>Y. Yashchyshyn, D. Vynnyk, V. Haiduchok and I. Solskii, &#8220;Experience of Full-Wave Electromagnetic Modeling of RF Transducers for Acousto-Optic Modulator,&#8221; <em>2020 IEEE 15th International Conference on Advanced Trends in Radioelectronics, Telecommunications and Computer Engineering (TCSET)<\/em>, Lviv-Slavske, Ukraine, 2020, pp. 113-116.<br \/>\n<a href=\"https:\/\/doi.org\/10.1109\/TCSET49122.2020.235403\">https:\/\/doi.org\/10.1109\/TCSET49122.2020.235403<\/a><\/li>\n<li>P. Bajurko, K. Godziszewski, Y. Yashchyshyn, D. Vynnyk, V. Haiduchok and I. Solskii, &#8220;Determination of Bi<sub>12<\/sub>SiO<sub>20<\/sub> permittivity and loss tangent in the 220\u2013325 GHz band and the influence of UV exposure on these parameters,&#8221; <em>2020 IEEE 15th International Conference on Advanced Trends in Radioelectronics, Telecommunications and Computer Engineering (TCSET)<\/em>, Lviv-Slavske, Ukraine, 2020, pp. 576-579.<br \/>\n<a href=\"https:\/\/doi.org\/10.1109\/TCSET49122.2020.235498\">https:\/\/doi.org\/10.1109\/TCSET49122.2020.235498<\/a><\/li>\n<li>J. Sobolewski and Y. Yashchyshyn, &#8220;Application of acousto-optical materials for modulation of sub-terahertz signal in coplanar structures,&#8221; <em>2020 IEEE 15th International Conference on Advanced Trends in Radioelectronics, Telecommunications and Computer Engineering (TCSET)<\/em>, Lviv-Slavske, Ukraine, 2020, pp. 272-275.<br \/>\n<a href=\"https:\/\/doi.org\/10.1109\/TCSET49122.2020.235438\">https:\/\/doi.org\/10.1109\/TCSET49122.2020.235438<\/a><\/li>\n<li>N. Andrushchak, D. Vynnyk, Y. Yashchyshyn, V. Haiduchok, P. Bajurko, K. Godziszewski, and A. Andrushchak, &#8220;Estimation of the Diffraction Efficiency of Oxide Single Crystals Acousto-Optic Devices in the Sub-Terahertz Frequency Range,&#8221; <em>2020 IEEE 15th International Conference on Advanced Trends in Radioelectronics, Telecommunications and Computer Engineering (TCSET)<\/em>, Lviv-Slavske, Ukraine, 2020, pp. 829-833.<br \/>\n<a href=\"https:\/\/doi.org\/10.1109\/TCSET49122.2020.235552\">https:\/\/doi.org\/10.1109\/TCSET49122.2020.235552<\/a><\/li>\n<li>G. Bogdan, Y. Yashchyshyn, &#8220;Adaptacyjne kszta\u0142towanie charakterystyki kierunkowej anteny z modulacj\u0105 czasow\u0105&#8221; (Adaptive beamforming in a time-modulated antenna array),<em> Przegl\u0105d Telekomunikacyjny &#8211; Wiadomo\u015bci Telekomunikacyjne,<\/em> rocznik 2020, zeszyt 7-8, ss. 342-345<br \/>\n<a href=\"https:\/\/www.sigma-not.pl\/publikacja-128952-adaptacyjne-kszta%C5%82towanie-charakterystyki-kierunkowej-anteny-z-modulacja-czasowa-przeglad-telekomunikacyjny-2020-7-8.html\">DOI: 10.15199\/59.2020.7-8.46\u00a0<\/a><\/li>\n<li>Pacewicz Adam: Metody rezonansowe charakteryzacji mikrofalowej kulek ferromagnetycznych, W: 21 Seminarium z cyklu Radiokomunikacja i Techniki Multimedialne, 2020, Fundacja Wspierania Rozwoju Radiokomunikacji i Technik Multimedialnych, ISBN 978-83-944347-6-2, s. 51-56,<\/li>\n<li>Cuper Jerzy, Salski Bart\u0142omiej Wac\u0142aw, Karpisz Tomasz, Pacewicz Adam, Kopyt Pawe\u0142: Conductivity measurement in mm-wave band with a Fabry-Perot open resonator, W: Proc. 2020 IEEE MTT-S International Microwave Symposium, 2020, Institute of Electrical and Electronics Engineers, ISBN 9781728168166, s. 996-998<\/li>\n<li>Karpisz Tomasz, Salski Bart\u0142omiej Wac\u0142aw, Krupka Jerzy, Kopyt Pawe\u0142: Measurement of In-Plane Anisotropy of Dielectric Materials with a Fabry-Perot Open Resonator, W: Proceedings of 23rd International Microwave and Radar Conference (MIKON 2020), 2020, Institute of Electrical and Electronics Engineers, ISBN 978-83-949421-7-5<\/li>\n<li>Kopyt Pawe\u0142, Krupka Jerzy, Salski Bart\u0142omiej Wac\u0142aw: Measurement of the Complex Anisotropic Permittivity of Microwave Lamnates, W: Proceedings of 23rd International Microwave and Radar Conference (MIKON 2020), 2020, Institute of Electrical and Electronics Engineers, ISBN 978-83-949421-7-5, s. 114-117, DOI:10.23919\/MIKON48703.2020.9253851<\/li>\n<li>Kopyt Pawe\u0142, Salski Bart\u0142omiej Wac\u0142aw: VNA replacements to be used in measurements of materia properties performed in the mm-wave and sub-THz bands, W: Proc. EMA 2020, 2020, The American Ceramic Society<\/li>\n<li>Krysicki Mateusz, Salski Bart\u0142omiej Wac\u0142aw: Hybrid Electromagnetic Modelling of Coherent Radiation in Electrically-Pumped Semiconductor Lasers, W: Proceedings of 23rd International Microwave and Radar Conference (MIKON 2020), 2020, Institute of Electrical and Electronics Engineers, ISBN 978-83-949421-7-5<\/li>\n<li>Pacewicz Adam, Salski Bart\u0142omiej Wac\u0142aw, Krupka Jerzy, Kopyt Pawe\u0142, Nabia\u0142ek A., Chumak O.: Broadband Microwave Characterization of Mono-And Polycrystalline Magnetic Garnet Sheres, W: Proceedings of 23rd International Microwave and Radar Conference (MIKON 2020), 2020, Institute of Electrical and Electronics Engineers, ISBN 978-83-949421-7-5, s. 105-110, DOI:10.23919\/MIKON48703.2020.9253968<\/li>\n<li>Salski Bart\u0142omiej Wac\u0142aw, Karpisz Tomasz, Kopyt Pawe\u0142, Krupka Jerzy: Characterization of dielectric materials for 5G telecommunications with a Fabry-Perot open resonator, W: Proc. EMA 2020, 2020, The American Ceramic Society<\/li>\n<li>Salski Bart\u0142omiej Wac\u0142aw, Karpisz Tomasz, Kopyt Pawe\u0142, Krupka Jerzy: Plane-wave Expansion Method for Calculating Modes in a Fabry-Perot Open Resonator, W: Proceedings of 23rd International Microwave and Radar Conference (MIKON 2020), 2020, Institute of Electrical and Electronics Engineers, ISBN 978-83-949421-7-5,<\/li>\n<\/ol>\n<h5>Patents<\/h5>\n<ol>\n<li>Y. Yashchyshyn, G. Bogdan, : \u201eAntena elektrycznie ma\u0142a oraz spos\u00f3b jej strojenia\u201d, Wynalazek, Numer zg\u0142oszenia: P.434186, Data zg\u0142oszenia: 03-06-2020.<\/li>\n<li>G. Bogdan, Y. Yashchyshyn: \u201eSpos\u00f3b kszta\u0142towania charakterystyki polaryzacyjnej w antenie z prze\u0142\u0105czan\u0105 charakterystyk\u0105 polaryzacyjn\u0105, antena z prze\u0142\u0105czan\u0105 charakterystyk\u0105 polaryzacyjn\u0105 oraz szyk antenowy z takich anten\u201d, Wynalazek, Numer zg\u0142oszenia: P.433911, Data zg\u0142oszenia: 08-05-2020.<\/li>\n<\/ol>","protected":false},"excerpt":{"rendered":"<p>Papers published in journals from the the list of Ministry of Science and Higher Education (Poland) Z. Barani, F. Kargar, K. Godziszewski, A. Rehman, Y. Yashchyshyn, S. Rumyantsev, G. Cywi\u0144ski, W. Knap,<a class=\"moretag\" href=\"https:\/\/sub-thz.ire.pw.edu.pl\/?page_id=1152\">Read More&#8230;<\/a><\/p>\n","protected":false},"author":1,"featured_media":0,"parent":108,"menu_order":0,"comment_status":"closed","ping_status":"closed","template":"","meta":{"footnotes":""},"class_list":["post-1152","page","type-page","status-publish","hentry"],"_links":{"self":[{"href":"https:\/\/sub-thz.ire.pw.edu.pl\/index.php?rest_route=\/wp\/v2\/pages\/1152","targetHints":{"allow":["GET"]}}],"collection":[{"href":"https:\/\/sub-thz.ire.pw.edu.pl\/index.php?rest_route=\/wp\/v2\/pages"}],"about":[{"href":"https:\/\/sub-thz.ire.pw.edu.pl\/index.php?rest_route=\/wp\/v2\/types\/page"}],"author":[{"embeddable":true,"href":"https:\/\/sub-thz.ire.pw.edu.pl\/index.php?rest_route=\/wp\/v2\/users\/1"}],"replies":[{"embeddable":true,"href":"https:\/\/sub-thz.ire.pw.edu.pl\/index.php?rest_route=%2Fwp%2Fv2%2Fcomments&post=1152"}],"version-history":[{"count":111,"href":"https:\/\/sub-thz.ire.pw.edu.pl\/index.php?rest_route=\/wp\/v2\/pages\/1152\/revisions"}],"predecessor-version":[{"id":1955,"href":"https:\/\/sub-thz.ire.pw.edu.pl\/index.php?rest_route=\/wp\/v2\/pages\/1152\/revisions\/1955"}],"up":[{"embeddable":true,"href":"https:\/\/sub-thz.ire.pw.edu.pl\/index.php?rest_route=\/wp\/v2\/pages\/108"}],"wp:attachment":[{"href":"https:\/\/sub-thz.ire.pw.edu.pl\/index.php?rest_route=%2Fwp%2Fv2%2Fmedia&parent=1152"}],"curies":[{"name":"wp","href":"https:\/\/api.w.org\/{rel}","templated":true}]}}