{"id":1020,"date":"2019-03-06T12:06:29","date_gmt":"2019-03-06T11:06:29","guid":{"rendered":"http:\/\/www.ire.pw.edu.pl\/anteny\/?page_id=1020"},"modified":"2021-05-11T11:01:05","modified_gmt":"2021-05-11T09:01:05","slug":"publications-in-2019","status":"publish","type":"page","link":"https:\/\/sub-thz.ire.pw.edu.pl\/?page_id=1020","title":{"rendered":"Publications in 2019"},"content":{"rendered":"<h5>National papers<\/h5>\n<ul>\n<li>B. S\u0142ojewska, Y. Yashchyshyn, \u201eOpracowanie sze\u015bciowrotnika w technologii LTCC na fale milimetrowe\u201d, <em>Przegl\u0105d Telekomunikacyjny i Wiadomo\u015bci Telekomunikacyjne<\/em> no. 6\/2019, pp. 433-436.<\/li>\n<li>M. Darek, P. Bajurko, \u201eWykorzystanie technologii LTCC w projekcie filtra pasmowo-przepustowego do samochodowego radaru kr\u00f3tkiego zasi\u0119gu na pasmo 79 GHz\u201d, <em>Przegl\u0105d Telekomunikacyjny i Wiadomo\u015bci Telekomunikacyjne<\/em> no. 6\/2019, pp. 429-432.<\/li>\n<li>K. Szczypkowski, P. Bajurko, \u201eBezprzewodowa metoda wyznaczania parametr\u00f3w anteny na podstawie jednowrotowego pomiaru fal rozproszonych\u201d, <em>Przegl\u0105d Telekomunikacyjny i Wiadomo\u015bci Telekomunikacyjne<\/em> no. 6\/2019, pp. 237-240.<\/li>\n<\/ul>\n<h5>Papers<\/h5>\n<ul>\n<li>Karpisz Tomasz, Salski Bart\u0142omiej Wac\u0142aw, Kopyt Pawe\u0142, Krupka Jerzy: Measurement of Dielectrics from 20 to 50 GHz with a Fabry-Perot Open Resonator, IEEE Transactions on Microwave Theory and Techniques, vol. 67, nr 5, 2019, s. 1901-1908, DOI:10.1109\/TMTT.2019.2905549.<\/li>\n<li>Kopyt Pawe\u0142, Salski Bart\u0142omiej Wac\u0142aw, Pacewicz Adam, Zagrajek P, Marczewski J: Measurements of the responsivity of FET\u2010based detectors of sub\u2010THz radiation, Opto-electronics Review, Springer, vol. 27, nr 2, 2019, s. 123-129, DOI:10.1016\/j.opelre.2019.04.001.<\/li>\n<li>Krupka Jerzy, Pacewicz Adam, Salski Bart\u0142omiej Wac\u0142aw, Kopyt Pawe\u0142, Bourhill J., Goryachev Maxim, Tobar Michael E.: Electrodynamic improvements to the theory of magnetostatic modes in ferrimagnetic spheres and their applications to saturation magnetization measurements, Journal of Magnetism and Magnetic Materials, Elsevier BV * North-Holland, vol. 487, nr 1 October 2019, 2019, s. 1-9, DOI:10.1016\/j.jmmm.2019.165331.<\/li>\n<li>Krupka Jerzy, Pavlo Aleshkevych, Salski Bart\u0142omiej Wac\u0142aw, Kopyt Pawe\u0142, Hartnett John G: Magnetic and Electric Solid-State Plasmon Spherical Resonators, Plasmonics, vol. 14, 2019, s. 945-950, DOI:10.1007\/s11468-018-0878-0.<br \/>\nKrysicki Mateusz, Salski Bart\u0142omiej Wac\u0142aw, Kopyt Pawe\u0142: Passive Synthesis Rules of Coupled-Cavity Quantum Cascade Lasers, Opto-electronics Review, Springer, vol. 27, nr issue 3, 2019, s. 268-274, DOI:10.1016\/j.opelre.2019.08.001.<\/li>\n<li>Pacewicz Adam, Krupka Jerzy, Salski Bart\u0142omiej Wac\u0142aw, Pavlo Aleshkevych, Kopyt Pawe\u0142: Rigorous broadband study of the intrinsic ferromagnetic linewidth of monocrystalline garnet spheres, Scientific Reports, Nature Publishing Group, vol. 9, 2019, s. 1-9, DOI:10.1038\/s41598-019-45699-7.<\/li>\n<li>Zagrajek P., Danilov S.N., Marczewski J., Zaborowski M., Ko\u0142aci\u0144ski Cezary, Obr\u0119bski Dariusz, Kopyt Pawe\u0142, Salski Bart\u0142omiej Wac\u0142aw, But D.B., Knap W.: Time Resolution and Dynamic Range of Field-Effect Transistor &#8211; Based Terahertz Detectors, Journal of Infrared Millimeter and Terahertz Waves, vol. 40, 2019, s. 703-719, DOI:10.1007\/s10762-019-00605-0.<\/li>\n<\/ul>\n<h5>Conference proceeding<\/h5>\n<ul>\n<li>Y. Yashchyshyn and K. Godziszewski, &#8220;New Opportunities in Quasi-Optical Materials Characterization in Far Infrared Region,&#8221; <em>21st International Conference on Transparent Optical Networks (ICTON)<\/em>, Angers, France, 2019, pp. 1-4.<br \/>\nURL: <a href=\"https:\/\/ieeexplore.ieee.org\/document\/8840463\">https:\/\/ieeexplore.ieee.org\/document\/8840463<\/a><\/li>\n<li>G. Bogdan, K. Godziszewski, Y. Yashchyshyn, S. Koz\u0142owski, &#8220;Single RF Chain MIMO Receiver Using Beam-Steering Time Modulated Antenna Array&#8221;,<em> 13th Eur. Conf. Antennas Propag. (EuCAP)<\/em>, Krak\u00f3w, Poland, 2019, pp. 1-4.<br \/>\nURL:\u00a0<a href=\"https:\/\/ieeexplore.ieee.org\/document\/8740041\">https:\/\/ieeexplore.ieee.org\/document\/8740041<\/a><\/li>\n<li>D. Nyzovets, Y. Yashchyshyn, &#8220;A mm-Wave Beam-Steerable Leaky-Wave Antenna with Ferroelectric Substructure,&#8221; <em>13th European Conference on Antennas and Propagation (EuCAP)<\/em>, 2019, pp. 1-3.<\/li>\n<li>J. Sobolewski, P. Bajurko, \u201cA 120 GHz Antenna for LTCC Package with Via-Less Contact Pads for Probe Measurements\u201d, <em>13th European Conference on Antennas and Propagation, EuCAP 2019<\/em>, Krakow, Poland, 31 March \u2013 5 April 2019, pp. 1-5.<br \/>\nURL: <a href=\"https:\/\/ieeexplore.ieee.org\/document\/8739467\">https:\/\/ieeexplore.ieee.org\/document\/8739467<\/a><\/li>\n<li>G. Bogdan, K. Godziszewski, Y. Yashchyshyn, \u201cMIMO Receiver with Reduced Number of RF Chains Based on 4D Array and Software Defined Radio\u201d, in 27th <em>Eur. Signal Processing Conf. (EUSIPCO)<\/em>, A Coruna, Spain, 2019, pp. 1\u20134.<\/li>\n<li>J. Modelski, Y. Yashchyshyn and G. Bogdan, &#8220;4D Antennas Design and Technology \u2013 the State of the Art,&#8221; <em>2019 IEEE MTT-S International Wireless Symposium (IWS)<\/em>, Guangzhou, China, 2019, pp. 1-3. <a href=\"http:\/\/ieeexplore.ieee.org\/stamp\/stamp.jsp?tp=&amp;arnumber=8803899&amp;isnumber=8803696\" target=\"_blank\" rel=\"noopener noreferrer\">doi: 10.1109\/IEEE-IWS.2019.8803899<\/a><\/li>\n<li>Cuper Jerzy, Rytel Marcin, Karpisz Tomasz, Pacewicz Adam, Salski Bart\u0142omiej Wac\u0142aw, Kopyt Pawe\u0142: Ka-band Compact Scalar Network Analyzer Dedicated to Resonator-based Measurements of Material Properties, W: Proc. 2019 IEEE MTT-S International Microwave Symposium, 2019, ISBN 9781728113104, s. 51-54, DOI:10.1109\/MWSYM.2019.8700922.<\/li>\n<li>Pacewicz Adam, Krupka Jerzy, Pavlo Aleshkevych, Salski Bart\u0142omiej Wac\u0142aw, Kopyt Pawe\u0142: Inexpensive Setup for Accurate Characterization of the Ferromagnetic Linewidth of Garnet Spheres, W: Proc. Annual Conference on Magnetism and Magnetic Materials , 2019, Institute of Electrical and Electronics Engineers, s. 1-5.<\/li>\n<li>Karpisz Tomasz: Pomiary dielektryk\u00f3w w pa\u015bmie od 20 do 65 GHz z wykorzystaniem otwartego rezonatora Fabry-Perota, W: Mat. 20 Seminarium \u2013 Radiokomunikacja i Techniki Multimedialne, 2019, Fundacja Wspierania Rrozwoju Radiokomunikacji i Technik Multimedialnych, ISBN 978-83-944347-5-5, s. 1-5.<\/li>\n<li>Cuper Jerzy, Rytel Marcin, Salski Bart\u0142omiej Wac\u0142aw, Kopyt Pawe\u0142: A Ku-band Marchand&#8217;s Balun for Active Doubler in a GaAs Process, W: Proc. IEEE MTT-S International Conference on Numerical Electromagnetic and Multiphysics Modeling and Optimization, vol. 1, 2019, Institute of Electrical and Electronics Engineers, ISBN 9781538695173<\/li>\n<li>Karpisz Tomasz, Salski Bart\u0142omiej Wac\u0142aw, Kopyt Pawe\u0142, Krupka Jerzy: W-Band Measurements of Low-Loss Dielectrics with a Fabry-Perot Open Resonator, W: Proc. 2019 IEEE MTT-S International Microwave Symposium, 2019, ISBN 9781728113104, s. 1503-1506, DOI:10.1109\/MWSYM.2019.8700981<\/li>\n<li>Kopyt Pawe\u0142, Salski Bart\u0142omiej Wac\u0142aw, Cuper Jerzy, Zagrajek P: A full-wave analysis of lenses for THz detectors purposes, W: Proceedings of the 44th International Conference on Infrared, Millimeter, and Terahertz Waves, 2019, Institute of Electrical and Electronics Engineers, ISBN 978-1-5386-8286-9, s. 1-2, DOI:10.1109\/IRMMW-THz.2019.8873955<\/li>\n<li>Krupka Jerzy, Pacewicz Adam, Salski Bart\u0142omiej Wac\u0142aw, Kopyt Pawe\u0142: Electrodynamic Theory of Ferromagnetic Resonance and its Applications in Precise Measurements of Ferromagnetic Linewidth, Permeability Tensor and Saturation Magnet-ization, W: Proc. Annual Conference on Magnetism and Magnetic Materials , 2019, Institute of Electrical and Electronics Engineers<\/li>\n<li>Krysicki Mateusz, Salski Bart\u0142omiej Wac\u0142aw: Hybrid electromagnetic modelling of coherent radiation in electrically-pumped semiconductor lasers, W: Proc. 2019 International Conference on Numerical Simulation of Optoelectronic Devices (NUSOD), 2019, Institute of Electrical and Electronics Engineers, ISBN 978-1-7281-1646-4, s. 33-34, DOI:10.1109\/NUSOD.2019.8807017.<\/li>\n<li>Krysicki Mateusz, Salski Bart\u0142omiej Wac\u0142aw, Kopyt Pawe\u0142: Hybrid Method for Electromagnetic Modelling of Coherent Radiation in Semiconductor Lasers, W: Proc. International Conference on Simulation of Semiconductor Processes and Devices: SISPAD , 2019, Institute of Electrical and Electronics Engineers, ISBN 978-1-7281-0939-8, s. 187-189, DOI:10.1109\/SISPAD.2019.8870541.<\/li>\n<li>Pacewicz Adam, Salski Bart\u0142omiej Wac\u0142aw, Cuper Jerzy, Rytel Marcin, Kopyt Pawe\u0142, Walczakowski M., Cimek J., Buczy\u0144ski Ryszard: Characterization of Linear Properties of Nonlinear Soft Glasses at Terahertz and Infrared Frequencies, W: Proc. 2nd International Conf. on Optics, Photonics and Lasers \/ Raposo Maria, Ribeiro Paulo, Andrews David (red.), 2019, ISBN 978-989-758-364-3, s. 85-86<\/li>\n<li>Pacewicz Adam, Krupka Jerzy, Pavlo Aleshkevych, Salski Bart\u0142omiej Wac\u0142aw, Kopyt Pawe\u0142: Inexpensive Setup for Accurate Characterization of the Ferromagnetic Linewidth of Garnet Spheres, W: Proc. Annual Conference on Magnetism and Magnetic Materials , 2019, Institute of Electrical and Electronics Engineers, s. 1-5<\/li>\n<li>Salski Bart\u0142omiej Wac\u0142aw, Czeka\u0142a Piotr, Cuper Jerzy, Kopyt Pawe\u0142: Application of Ray-Tracing in the Study of Impact of Atmospheric Conditions on a Target Positioning Error, W: 2019 Signal Processing Symposium (SPSympo), 2019, Institute of Electrical and Electronics Engineers, ISBN 9781728117140.<\/li>\n<li>Zagrajek P, Danilov S.N., Marczewski J, Zaborowski M., Ko\u0142aci\u0144ski Cezary, Obr\u0119bski D, Kopyt Pawe\u0142, But D.B., Knap W, Ganichev S.: Time Resolution and Power Dependence of Transistor Based Terahertz Detectors, W: Proceedings of the 44th International Conference on Infrared, Millimeter, and Terahertz Waves, 2019, Institute of Electrical and Electronics Engineers, ISBN 978-1-5386-8286-9, s. 1-2, DOI:10.1109\/IRMMW-THz.2019.8874309<\/li>\n<\/ul>\n<h5>Conference abstracts<\/h5>\n<ul>\n<li>Y. Yashchyshyn, D. Vynnyk, V. Haiduchok, I. Solskii, \u201eFull-Wave Electromagnetic Modeling of RF Transducers for Acousto-Optic Modulator\u201d, <em>1st International Conference on Innovative Materials and NanoEngineering, IMNE\u20192019<\/em>, Brenna, Poland, August 27-29, 2019.<\/li>\n<li>N. Andrushchak, Y. Yashchyshyn, K. Godziszewski, O. Syrotynsky, A. Andrushchak, \u201eSimplified Free-Space Method for Dielectric Permittivity Measurements of Low-Loss Crystalline Materials in 220-330 GHz Frequency Range\u201d, <em>1st International Conference on Innovative Materials and NanoEngineering, IMNE\u20192019<\/em>, Brenna, Poland, August 27-29, 2019.<\/li>\n<li>P. Bajurko, \u201eModelling of mm-Wave Propagation Through a Dielectric Sample Fed by Rectangular Waveguide\u201d, <em>1st International Conference on Innovative Materials and NanoEngineering, IMNE\u20192019<\/em>, Brenna, Poland, August 27-29, 2019.<\/li>\n<li>J. Sobolewski, \u201eThe Concept of Acousto-Optic Materials Application for Sub-Terahertz Signals Modulation in Coplanar Structures\u201d, <em>1st International Conference on Innovative Materials and NanoEngineering, IMNE\u20192019<\/em>, Brenna, Poland, August 27-29, 2019.<\/li>\n<\/ul>","protected":false},"excerpt":{"rendered":"<p>National papers B. S\u0142ojewska, Y. Yashchyshyn, \u201eOpracowanie sze\u015bciowrotnika w technologii LTCC na fale milimetrowe\u201d, Przegl\u0105d Telekomunikacyjny i Wiadomo\u015bci Telekomunikacyjne no. 6\/2019, pp. 433-436. M. Darek, P. Bajurko, \u201eWykorzystanie technologii LTCC w projekcie<a class=\"moretag\" href=\"https:\/\/sub-thz.ire.pw.edu.pl\/?page_id=1020\">Read More&#8230;<\/a><\/p>\n","protected":false},"author":1,"featured_media":0,"parent":108,"menu_order":0,"comment_status":"closed","ping_status":"closed","template":"","meta":{"footnotes":""},"class_list":["post-1020","page","type-page","status-publish","hentry"],"_links":{"self":[{"href":"https:\/\/sub-thz.ire.pw.edu.pl\/index.php?rest_route=\/wp\/v2\/pages\/1020","targetHints":{"allow":["GET"]}}],"collection":[{"href":"https:\/\/sub-thz.ire.pw.edu.pl\/index.php?rest_route=\/wp\/v2\/pages"}],"about":[{"href":"https:\/\/sub-thz.ire.pw.edu.pl\/index.php?rest_route=\/wp\/v2\/types\/page"}],"author":[{"embeddable":true,"href":"https:\/\/sub-thz.ire.pw.edu.pl\/index.php?rest_route=\/wp\/v2\/users\/1"}],"replies":[{"embeddable":true,"href":"https:\/\/sub-thz.ire.pw.edu.pl\/index.php?rest_route=%2Fwp%2Fv2%2Fcomments&post=1020"}],"version-history":[{"count":46,"href":"https:\/\/sub-thz.ire.pw.edu.pl\/index.php?rest_route=\/wp\/v2\/pages\/1020\/revisions"}],"predecessor-version":[{"id":1956,"href":"https:\/\/sub-thz.ire.pw.edu.pl\/index.php?rest_route=\/wp\/v2\/pages\/1020\/revisions\/1956"}],"up":[{"embeddable":true,"href":"https:\/\/sub-thz.ire.pw.edu.pl\/index.php?rest_route=\/wp\/v2\/pages\/108"}],"wp:attachment":[{"href":"https:\/\/sub-thz.ire.pw.edu.pl\/index.php?rest_route=%2Fwp%2Fv2%2Fmedia&parent=1020"}],"curies":[{"name":"wp","href":"https:\/\/api.w.org\/{rel}","templated":true}]}}